{"id":5030,"date":"2018-02-13T15:18:19","date_gmt":"2018-02-13T15:18:19","guid":{"rendered":"https:\/\/www.calcetinespersonalizados.es\/producto\/leotards-nena-5400\/"},"modified":"2018-02-23T17:13:09","modified_gmt":"2018-02-23T17:13:09","slug":"leotards-nena-5400","status":"publish","type":"product","link":"https:\/\/www.calcetinespersonalizados.es\/ca\/producte\/leotards-nena-5400\/","title":{"rendered":"Leotards nena 5400"},"content":{"rendered":"<p>Leotards llisos molt adaptables i de gran confort, colors s\u00f2lids i no fan boles (piling).<br \/>\nFabricaci\u00f3 i disseny propis.<br \/>\nCompra les teves mitjons en l\u00ednia i rep el lliurament en 48 hores.<\/p>\n","protected":false},"excerpt":{"rendered":"<p>Leotards llisos molt adaptables i de gran confort, colors s\u00f2lids i no fan boles (piling).<br \/>\nFabricaci\u00f3 i disseny propis.<br \/>\nCompra les teves mitjons en l\u00ednia i rep el lliurament en 48 hores.<\/p>\n<p><strong>Composici\u00f3:<br \/>\n<\/strong>80% COT\u00d3<br \/>\n17% POLIAMIDA<br \/>\n3% ELAST\u00c0<\/p>\n<p>&nbsp;<\/p>\n","protected":false},"featured_media":4920,"template":"","meta":{"_acf_changed":false},"product_brand":[],"product_cat":[320,322],"product_tag":[],"class_list":{"0":"post-5030","1":"product","2":"type-product","3":"status-publish","4":"has-post-thumbnail","6":"product_cat-collegial","7":"product_cat-leotards","9":"first","10":"instock","11":"taxable","12":"shipping-taxable","13":"purchasable","14":"product-type-variable"},"acf":[],"yoast_head":"<!-- This site is optimized with the Yoast SEO plugin v27.3 - https:\/\/yoast.com\/product\/yoast-seo-wordpress\/ -->\n<title>Leotards nena 5400 - Calcelinea S.L. - Fabricants de Mitjons<\/title>\n<meta name=\"robots\" content=\"index, follow, max-snippet:-1, max-image-preview:large, max-video-preview:-1\" \/>\n<link rel=\"canonical\" href=\"https:\/\/www.calcetinespersonalizados.es\/ca\/producte\/leotards-nena-5400\/\" \/>\n<meta property=\"og:locale\" content=\"ca_ES\" \/>\n<meta property=\"og:type\" content=\"article\" \/>\n<meta property=\"og:title\" content=\"Leotards nena 5400 - Calcelinea S.L. - Fabricants de Mitjons\" \/>\n<meta property=\"og:description\" content=\"Leotards llisos molt adaptables i de gran confort, colors s\u00f2lids i no fan boles (piling). Fabricaci\u00f3 i disseny propis. Compra les teves mitjons en l\u00ednia i rep el lliurament en 48 hores.  Composici\u00f3: 80% COT\u00d3 17% POLIAMIDA 3% ELAST\u00c0  &nbsp;\" \/>\n<meta property=\"og:url\" content=\"https:\/\/www.calcetinespersonalizados.es\/ca\/producte\/leotards-nena-5400\/\" \/>\n<meta property=\"og:site_name\" content=\"Calcelinea S.L. - Fabricants de Mitjons\" \/>\n<meta property=\"article:publisher\" content=\"https:\/\/www.facebook.com\/doremi.doremicalcelinea\" \/>\n<meta property=\"article:modified_time\" content=\"2018-02-23T17:13:09+00:00\" \/>\n<meta property=\"og:image\" content=\"https:\/\/www.calcetinespersonalizados.es\/wp-content\/uploads\/2018\/02\/5400-granate-1.jpg\" \/>\n\t<meta property=\"og:image:width\" content=\"750\" \/>\n\t<meta property=\"og:image:height\" content=\"750\" \/>\n\t<meta property=\"og:image:type\" content=\"image\/jpeg\" \/>\n<meta name=\"twitter:card\" content=\"summary_large_image\" \/>\n<script type=\"application\/ld+json\" class=\"yoast-schema-graph\">{\"@context\":\"https:\\\/\\\/schema.org\",\"@graph\":[{\"@type\":\"WebPage\",\"@id\":\"https:\\\/\\\/www.calcetinespersonalizados.es\\\/ca\\\/producte\\\/leotards-nena-5400\\\/\",\"url\":\"https:\\\/\\\/www.calcetinespersonalizados.es\\\/ca\\\/producte\\\/leotards-nena-5400\\\/\",\"name\":\"Leotards nena 5400 - Calcelinea S.L. - Fabricants de Mitjons\",\"isPartOf\":{\"@id\":\"https:\\\/\\\/www.calcetinespersonalizados.es\\\/ca\\\/#website\"},\"primaryImageOfPage\":{\"@id\":\"https:\\\/\\\/www.calcetinespersonalizados.es\\\/ca\\\/producte\\\/leotards-nena-5400\\\/#primaryimage\"},\"image\":{\"@id\":\"https:\\\/\\\/www.calcetinespersonalizados.es\\\/ca\\\/producte\\\/leotards-nena-5400\\\/#primaryimage\"},\"thumbnailUrl\":\"https:\\\/\\\/www.calcetinespersonalizados.es\\\/wp-content\\\/uploads\\\/2018\\\/02\\\/5400-granate-1.jpg\",\"datePublished\":\"2018-02-13T15:18:19+00:00\",\"dateModified\":\"2018-02-23T17:13:09+00:00\",\"breadcrumb\":{\"@id\":\"https:\\\/\\\/www.calcetinespersonalizados.es\\\/ca\\\/producte\\\/leotards-nena-5400\\\/#breadcrumb\"},\"inLanguage\":\"ca\",\"potentialAction\":[{\"@type\":\"ReadAction\",\"target\":[\"https:\\\/\\\/www.calcetinespersonalizados.es\\\/ca\\\/producte\\\/leotards-nena-5400\\\/\"]}]},{\"@type\":\"ImageObject\",\"inLanguage\":\"ca\",\"@id\":\"https:\\\/\\\/www.calcetinespersonalizados.es\\\/ca\\\/producte\\\/leotards-nena-5400\\\/#primaryimage\",\"url\":\"https:\\\/\\\/www.calcetinespersonalizados.es\\\/wp-content\\\/uploads\\\/2018\\\/02\\\/5400-granate-1.jpg\",\"contentUrl\":\"https:\\\/\\\/www.calcetinespersonalizados.es\\\/wp-content\\\/uploads\\\/2018\\\/02\\\/5400-granate-1.jpg\",\"width\":750,\"height\":750},{\"@type\":\"BreadcrumbList\",\"@id\":\"https:\\\/\\\/www.calcetinespersonalizados.es\\\/ca\\\/producte\\\/leotards-nena-5400\\\/#breadcrumb\",\"itemListElement\":[{\"@type\":\"ListItem\",\"position\":1,\"name\":\"Portada\",\"item\":\"https:\\\/\\\/www.calcetinespersonalizados.es\\\/ca\\\/\"},{\"@type\":\"ListItem\",\"position\":2,\"name\":\"Botiga\",\"item\":\"https:\\\/\\\/www.calcetinespersonalizados.es\\\/ca\\\/botiga\\\/\"},{\"@type\":\"ListItem\",\"position\":3,\"name\":\"Leotards nena 5400\"}]},{\"@type\":\"WebSite\",\"@id\":\"https:\\\/\\\/www.calcetinespersonalizados.es\\\/ca\\\/#website\",\"url\":\"https:\\\/\\\/www.calcetinespersonalizados.es\\\/ca\\\/\",\"name\":\"Calcelinea S.L. - Fabricants de Mitjons\",\"description\":\"Fabricants de Mitjons\",\"publisher\":{\"@id\":\"https:\\\/\\\/www.calcetinespersonalizados.es\\\/ca\\\/#organization\"},\"alternateName\":\"Calcelinea SL\",\"potentialAction\":[{\"@type\":\"SearchAction\",\"target\":{\"@type\":\"EntryPoint\",\"urlTemplate\":\"https:\\\/\\\/www.calcetinespersonalizados.es\\\/ca\\\/?s={search_term_string}\"},\"query-input\":{\"@type\":\"PropertyValueSpecification\",\"valueRequired\":true,\"valueName\":\"search_term_string\"}}],\"inLanguage\":\"ca\"},{\"@type\":\"Organization\",\"@id\":\"https:\\\/\\\/www.calcetinespersonalizados.es\\\/ca\\\/#organization\",\"name\":\"Fabricantes de calcetines personalizados - Calcelinea S.L.\",\"url\":\"https:\\\/\\\/www.calcetinespersonalizados.es\\\/ca\\\/\",\"logo\":{\"@type\":\"ImageObject\",\"inLanguage\":\"ca\",\"@id\":\"https:\\\/\\\/www.calcetinespersonalizados.es\\\/ca\\\/#\\\/schema\\\/logo\\\/image\\\/\",\"url\":\"https:\\\/\\\/www.calcetinespersonalizados.es\\\/wp-content\\\/uploads\\\/2017\\\/12\\\/logo@x2.png\",\"contentUrl\":\"https:\\\/\\\/www.calcetinespersonalizados.es\\\/wp-content\\\/uploads\\\/2017\\\/12\\\/logo@x2.png\",\"width\":264,\"height\":72,\"caption\":\"Fabricantes de calcetines personalizados - Calcelinea S.L.\"},\"image\":{\"@id\":\"https:\\\/\\\/www.calcetinespersonalizados.es\\\/ca\\\/#\\\/schema\\\/logo\\\/image\\\/\"},\"sameAs\":[\"https:\\\/\\\/www.facebook.com\\\/doremi.doremicalcelinea\"]}]}<\/script>\n<!-- \/ Yoast SEO plugin. -->","yoast_head_json":{"title":"Leotards nena 5400 - Calcelinea S.L. - Fabricants de Mitjons","robots":{"index":"index","follow":"follow","max-snippet":"max-snippet:-1","max-image-preview":"max-image-preview:large","max-video-preview":"max-video-preview:-1"},"canonical":"https:\/\/www.calcetinespersonalizados.es\/ca\/producte\/leotards-nena-5400\/","og_locale":"ca_ES","og_type":"article","og_title":"Leotards nena 5400 - Calcelinea S.L. - Fabricants de Mitjons","og_description":"Leotards llisos molt adaptables i de gran confort, colors s\u00f2lids i no fan boles (piling). Fabricaci\u00f3 i disseny propis. Compra les teves mitjons en l\u00ednia i rep el lliurament en 48 hores.  Composici\u00f3: 80% COT\u00d3 17% POLIAMIDA 3% ELAST\u00c0  &nbsp;","og_url":"https:\/\/www.calcetinespersonalizados.es\/ca\/producte\/leotards-nena-5400\/","og_site_name":"Calcelinea S.L. - Fabricants de Mitjons","article_publisher":"https:\/\/www.facebook.com\/doremi.doremicalcelinea","article_modified_time":"2018-02-23T17:13:09+00:00","og_image":[{"width":750,"height":750,"url":"https:\/\/www.calcetinespersonalizados.es\/wp-content\/uploads\/2018\/02\/5400-granate-1.jpg","type":"image\/jpeg"}],"twitter_card":"summary_large_image","schema":{"@context":"https:\/\/schema.org","@graph":[{"@type":"WebPage","@id":"https:\/\/www.calcetinespersonalizados.es\/ca\/producte\/leotards-nena-5400\/","url":"https:\/\/www.calcetinespersonalizados.es\/ca\/producte\/leotards-nena-5400\/","name":"Leotards nena 5400 - Calcelinea S.L. - Fabricants de Mitjons","isPartOf":{"@id":"https:\/\/www.calcetinespersonalizados.es\/ca\/#website"},"primaryImageOfPage":{"@id":"https:\/\/www.calcetinespersonalizados.es\/ca\/producte\/leotards-nena-5400\/#primaryimage"},"image":{"@id":"https:\/\/www.calcetinespersonalizados.es\/ca\/producte\/leotards-nena-5400\/#primaryimage"},"thumbnailUrl":"https:\/\/www.calcetinespersonalizados.es\/wp-content\/uploads\/2018\/02\/5400-granate-1.jpg","datePublished":"2018-02-13T15:18:19+00:00","dateModified":"2018-02-23T17:13:09+00:00","breadcrumb":{"@id":"https:\/\/www.calcetinespersonalizados.es\/ca\/producte\/leotards-nena-5400\/#breadcrumb"},"inLanguage":"ca","potentialAction":[{"@type":"ReadAction","target":["https:\/\/www.calcetinespersonalizados.es\/ca\/producte\/leotards-nena-5400\/"]}]},{"@type":"ImageObject","inLanguage":"ca","@id":"https:\/\/www.calcetinespersonalizados.es\/ca\/producte\/leotards-nena-5400\/#primaryimage","url":"https:\/\/www.calcetinespersonalizados.es\/wp-content\/uploads\/2018\/02\/5400-granate-1.jpg","contentUrl":"https:\/\/www.calcetinespersonalizados.es\/wp-content\/uploads\/2018\/02\/5400-granate-1.jpg","width":750,"height":750},{"@type":"BreadcrumbList","@id":"https:\/\/www.calcetinespersonalizados.es\/ca\/producte\/leotards-nena-5400\/#breadcrumb","itemListElement":[{"@type":"ListItem","position":1,"name":"Portada","item":"https:\/\/www.calcetinespersonalizados.es\/ca\/"},{"@type":"ListItem","position":2,"name":"Botiga","item":"https:\/\/www.calcetinespersonalizados.es\/ca\/botiga\/"},{"@type":"ListItem","position":3,"name":"Leotards nena 5400"}]},{"@type":"WebSite","@id":"https:\/\/www.calcetinespersonalizados.es\/ca\/#website","url":"https:\/\/www.calcetinespersonalizados.es\/ca\/","name":"Calcelinea S.L. - Fabricants de Mitjons","description":"Fabricants de Mitjons","publisher":{"@id":"https:\/\/www.calcetinespersonalizados.es\/ca\/#organization"},"alternateName":"Calcelinea SL","potentialAction":[{"@type":"SearchAction","target":{"@type":"EntryPoint","urlTemplate":"https:\/\/www.calcetinespersonalizados.es\/ca\/?s={search_term_string}"},"query-input":{"@type":"PropertyValueSpecification","valueRequired":true,"valueName":"search_term_string"}}],"inLanguage":"ca"},{"@type":"Organization","@id":"https:\/\/www.calcetinespersonalizados.es\/ca\/#organization","name":"Fabricantes de calcetines personalizados - Calcelinea S.L.","url":"https:\/\/www.calcetinespersonalizados.es\/ca\/","logo":{"@type":"ImageObject","inLanguage":"ca","@id":"https:\/\/www.calcetinespersonalizados.es\/ca\/#\/schema\/logo\/image\/","url":"https:\/\/www.calcetinespersonalizados.es\/wp-content\/uploads\/2017\/12\/logo@x2.png","contentUrl":"https:\/\/www.calcetinespersonalizados.es\/wp-content\/uploads\/2017\/12\/logo@x2.png","width":264,"height":72,"caption":"Fabricantes de calcetines personalizados - Calcelinea S.L."},"image":{"@id":"https:\/\/www.calcetinespersonalizados.es\/ca\/#\/schema\/logo\/image\/"},"sameAs":["https:\/\/www.facebook.com\/doremi.doremicalcelinea"]}]}},"_links":{"self":[{"href":"https:\/\/www.calcetinespersonalizados.es\/ca\/wp-json\/wp\/v2\/product\/5030","targetHints":{"allow":["GET"]}}],"collection":[{"href":"https:\/\/www.calcetinespersonalizados.es\/ca\/wp-json\/wp\/v2\/product"}],"about":[{"href":"https:\/\/www.calcetinespersonalizados.es\/ca\/wp-json\/wp\/v2\/types\/product"}],"wp:featuredmedia":[{"embeddable":true,"href":"https:\/\/www.calcetinespersonalizados.es\/ca\/wp-json\/wp\/v2\/media\/4920"}],"wp:attachment":[{"href":"https:\/\/www.calcetinespersonalizados.es\/ca\/wp-json\/wp\/v2\/media?parent=5030"}],"wp:term":[{"taxonomy":"product_brand","embeddable":true,"href":"https:\/\/www.calcetinespersonalizados.es\/ca\/wp-json\/wp\/v2\/product_brand?post=5030"},{"taxonomy":"product_cat","embeddable":true,"href":"https:\/\/www.calcetinespersonalizados.es\/ca\/wp-json\/wp\/v2\/product_cat?post=5030"},{"taxonomy":"product_tag","embeddable":true,"href":"https:\/\/www.calcetinespersonalizados.es\/ca\/wp-json\/wp\/v2\/product_tag?post=5030"}],"curies":[{"name":"wp","href":"https:\/\/api.w.org\/{rel}","templated":true}]}}