{"id":5626,"date":"2018-03-22T14:13:16","date_gmt":"2018-03-22T14:13:16","guid":{"rendered":"https:\/\/www.calcetinespersonalizados.es\/inici\/"},"modified":"2023-08-22T10:12:03","modified_gmt":"2023-08-22T09:12:03","slug":"inici","status":"publish","type":"page","link":"https:\/\/www.calcetinespersonalizados.es\/ca\/","title":{"rendered":"Inici"},"content":{"rendered":"<section class=\"wpb-content-wrapper\"><p>[vc_row fullwidth_row=&#8221;yes&#8221;][vc_column][rev_slider_vc alias=&#8221;home-slider&#8221;][\/vc_column][\/vc_row][vc_row][vc_column][vc_column_text]<\/p>\n<h1>Som Fabricants de Mitjons<\/h1>\n<p>[\/vc_column_text][\/vc_column][\/vc_row][vc_row css=&#8221;.vc_custom_1454825008650{padding-top: 30px !important;padding-bottom: 20px !important;}&#8221;][vc_column][vc_row_inner gap=&#8221;30&#8243;][vc_column_inner width=&#8221;1\/3&#8243;]<div class='feature-icon wpb_custom_element' ><div class='feature-icon-left '><div class=\"feature-icon-wrapper-outer\"><i class=\"icon-settings-streamline-2\"  style=\"color: #b8b8b8;\"><\/i><\/div><div class='feature-icon-desc'><h5>Fabricaci\u00f3 Propia<\/h5>Som fabricants de mitjons amb una experi\u00e8ncia de m\u00e9s de 30 anys, el que ens permet oferir qualitat i servei.<\/div><\/div><\/div>[\/vc_column_inner][vc_column_inner width=&#8221;1\/3&#8243;]<div class='feature-icon wpb_custom_element' ><div class='feature-icon-left '><div class=\"feature-icon-wrapper-outer\"><i class=\"icon-painting-roll-streamline\"  style=\"color: #b8b8b8;\"><\/i><\/div><div class='feature-icon-desc'><h5>Dissenys Personalitzats<\/h5>Fabriquem mitjons personalitzats, des del disseny als acabats, sense necessitat de grans quantitats.<\/div><\/div><\/div>[\/vc_column_inner][vc_column_inner width=&#8221;1\/3&#8243;]<div class='feature-icon wpb_custom_element' ><div class='feature-icon-left '><div class=\"feature-icon-wrapper-outer\"><i class=\"icon-others-ribbon\"  style=\"color: #b8b8b8;\"><\/i><\/div><div class='feature-icon-desc'><h5>Garantia de Qualitat<\/h5>Mitjons confeccionats amb diferents mat\u00e8ries per modalitats variades amb fibres t\u00e8cniques.<\/div><\/div><\/div>[\/vc_column_inner][\/vc_row_inner][vc_row_inner gap=&#8221;30&#8243;][vc_column_inner width=&#8221;1\/3&#8243;]<div class='feature-icon wpb_custom_element' ><div class='feature-icon-left '><div class=\"feature-icon-wrapper-outer\"><i class=\"icon-aim\"  style=\"color: #b8b8b8;\"><\/i><\/div><div class='feature-icon-desc'><h5>T\u00e8cnica de Sublimaci\u00f3<\/h5>Amb aquesta t\u00e8cnica estampem qualsevol imatge, disseny i logo al mitj\u00f3 o leotard.<\/div><\/div><\/div>[\/vc_column_inner][vc_column_inner width=&#8221;1\/3&#8243;]<div class='feature-icon wpb_custom_element' ><div class='feature-icon-left '><div class=\"feature-icon-wrapper-outer\"><i class=\"icon-others-lightbulb\"  style=\"color: #b8b8b8;\"><\/i><\/div><div class='feature-icon-desc'><h5>\u00daltimes Tend\u00e8ncies<\/h5>Mitjons i pantis sublimats amb dissenys il\u00b7limitats, posa la teva imaginaci\u00f3 i et farem el producte.<\/div><\/div><\/div>[\/vc_column_inner][vc_column_inner width=&#8221;1\/3&#8243;]<div class='feature-icon wpb_custom_element' ><div class='feature-icon-left '><div class=\"feature-icon-wrapper-outer\"><i class=\"icon-alarmclock\"  style=\"color: #b8b8b8;\"><\/i><\/div><div class='feature-icon-desc'><h5>+30 anys d'Experi\u00e8ncia<\/h5>L&#8217;experi\u00e8ncia d&#8217;haver fabricat molts mitjons i de tota mena ens fan ser bons professionals.<\/div><\/div><\/div>[\/vc_column_inner][\/vc_row_inner][vc_column_text css=&#8221;.vc_custom_1513183603056{padding-top: 40px !important;}&#8221;]<\/p>\n<p style=\"text-align: center;\"><a class=\"mybtn mybtn-big mybtn-cyan \" target=\"_self\"  href=\"tienda\"><span class=\"btn-icon\"><i class=\"icon-basket\"><\/i><\/span>Visita la nostra botiga On-line<\/a><span class=\"spacer-wide\" style=\"width: 10px;\"><\/span>\n<p>[\/vc_column_text][\/vc_column][\/vc_row][vc_row full_width=&#8221;stretch_row&#8221; css=&#8221;.vc_custom_1513092460556{background: #f4f4f4 url(https:\/\/www.calcetinespersonalizados.es\/wp-content\/uploads\/2017\/11\/home-bg-1-2.jpg?id=3153) !important;background-position: center !important;background-repeat: no-repeat !important;background-size: cover !important;}&#8221; fullwidth_row=&#8221;yes&#8221;][vc_column width=&#8221;1\/2&#8243; css=&#8221;.vc_custom_1513008417549{margin-top: 0px !important;padding-top: 60px !important;padding-right: 30px !important;padding-bottom: 100px !important;padding-left: 30px !important;background-color: rgba(58,82,113,0.75) !important;background-position: center !important;background-repeat: no-repeat !important;background-size: cover !important;*background-color: rgb(58,82,113) !important;}&#8221;][vc_row_inner][vc_column_inner css=&#8221;.vc_custom_1405848299471{margin-bottom: 30px !important;}&#8221;][vc_column_text]<\/p>\n<h2><span style=\" font-size: 50px; line-height: 50px; color: #ce0027;\">Fabricants de Mitjons.<\/span><\/h2>\n<span style=\" font-size: 24px; line-height:  24px; color: #ce0027;\">Amb m\u00e9s de 30 anys d&#8217;Experi\u00e8ncia<\/span>[\/vc_column_text][\/vc_column_inner][\/vc_row_inner][vc_row_inner][vc_column_inner width=&#8221;1\/2&#8243;][vc_column_text]<\/p>\n<h4><span style=\" color: #fefefe;\">Producci\u00f3 pr\u00f2pia<\/span><\/h4>\n<span style=\" color: #fefefe;\">Com f\u00e0brica de mitjons amb producci\u00f3 pr\u00f2pia, oferim tamb\u00e9 el servei de fabricaci\u00f3 de mitjons per a empreses, clubs esportius i escoles.<\/span>\n<a class=\"link-underline\" target=\"_self\" style=\"color: #CE0027;\"  href=\"https:\/\/www.calcetinespersonalizados.es\/ca\/mitjons-personalitzats\/\">Serveis \u00bb<\/a>[\/vc_column_text][\/vc_column_inner][vc_column_inner width=&#8221;1\/2&#8243;][vc_column_text]<\/p>\n<h4><span style=\" color: #fefefe;\">Garantia de Qualitat<\/span><\/h4>\n<span style=\" color: #fefefe;\">M\u00e0xima qualitat i comprom\u00eds amb tots els nostres clients, ja que m\u00e9s de 30 anys d&#8217;experi\u00e8ncia ens avalen en el sector com fabricants de mitjons.<\/span>\n<a class=\"link-underline\" target=\"_self\" style=\"color: #CE0027;\"  href=\"https:\/\/www.calcetinespersonalizados.es\/ca\/empresa-fabricant-de-mitjons\/\">Empresa \u00bb<\/a>[\/vc_column_text][\/vc_column_inner][\/vc_row_inner][\/vc_column][vc_column width=&#8221;1\/2&#8243;][\/vc_column][\/vc_row][vc_row css=&#8221;.vc_custom_1454825136528{padding-top: 20px !important;padding-bottom: 25px !important;}&#8221;][vc_column][vc_column_text]<\/p>\n<h2 style=\"text-align: center;\">\u00daltimes novetats<\/h2>\n<p>[\/vc_column_text]<div class=\"portfolio-grid wpb_custom_element portfolio-four-col clearfix\"><div class=\"portfolio-item\"><figure><img decoding=\"async\" src=\"https:\/\/www.calcetinespersonalizados.es\/wp-content\/uploads\/2018\/11\/fabricantes-de-calcetines-5.jpg\" alt=\"Mitjons sublimats\"\/><figcaption><a href=\"https:\/\/www.calcetinespersonalizados.es\/ca\/mitjons-personalitzats\/\" target=\"_self\"><i class=\"icon-link5\"><\/i><\/a><\/figcaption><\/figure><\/div><div class=\"portfolio-item\"><figure><img decoding=\"async\" src=\"https:\/\/www.calcetinespersonalizados.es\/wp-content\/uploads\/2017\/12\/fabricantes-de-calcetines-4.jpg\" alt=\"Sublimaci\u00f3\"\/><figcaption><a href=\"https:\/\/www.calcetinespersonalizados.es\/ca\/mitjons-personalitzats\/\" target=\"_self\"><i class=\"icon-link5\"><\/i><\/a><\/figcaption><\/figure><\/div><div class=\"portfolio-item\"><figure><img decoding=\"async\" src=\"https:\/\/www.calcetinespersonalizados.es\/wp-content\/uploads\/2017\/12\/fabricantes-de-calcetines-3.jpg\" alt=\"Mitjons escolars\"\/><figcaption><a href=\"https:\/\/www.calcetinespersonalizados.es\/ca\/mitjons-personalitzats\/\" target=\"_self\"><i class=\"icon-link5\"><\/i><\/a><\/figcaption><\/figure><\/div><div class=\"portfolio-item\"><figure><img decoding=\"async\" src=\"https:\/\/www.calcetinespersonalizados.es\/wp-content\/uploads\/2017\/12\/fabricantes-de-calcetines-1.jpg\" alt=\"Mitjons esportius\"\/><figcaption><a href=\"https:\/\/www.calcetinespersonalizados.es\/ca\/mitjons-personalitzats\/\" target=\"_self\"><i class=\"icon-link5\"><\/i><\/a><\/figcaption><\/figure><\/div><\/div>[vc_column_text css=&#8221;.vc_custom_1513247001063{padding-top: 30px !important;}&#8221;]<\/p>\n<p style=\"text-align: center;\">Et sembla poc? <a class=\"link-underline\" target=\"_self\" href=\"tienda\">Veure m\u00e9s<\/a>\n<p>[\/vc_column_text][\/vc_column][\/vc_row][vc_row full_width=&#8221;stretch_row&#8221; css=&#8221;.vc_custom_1454825165205{padding-top: 25px !important;padding-bottom: 30px !important;background-color: #f4f4f4 !important;}&#8221; fullwidth_row=&#8221;yes&#8221;][vc_column][vc_column_text]<\/p>\n<p style=\"text-align: center;\"><span style=\" font-size: 24px; line-height: 30px;\">Torna addicte a comprar mitjons<\/span><span class=\"spacer-wide\" style=\"width: 20px;\"><\/span><a class=\"mybtn mybtn-big mybtn-green\" target=\"_self\"  href=\"tienda\"><span class=\"btn-icon\"><i class=\"icon-basket\"><\/i><\/span>\u00a1Comprar ara!<\/a>\n<p>[\/vc_column_text][\/vc_column][\/vc_row][vc_row full_width=&#8221;stretch_row&#8221; parallax=&#8221;content-moving&#8221; css=&#8221;.vc_custom_1513157770669{background-image: url(https:\/\/www.calcetinespersonalizados.es\/wp-content\/uploads\/2017\/12\/home-bg-shoes-2.jpg?id=3243) !important;background-position: center;background-repeat: no-repeat !important;background-size: cover !important;}&#8221;][vc_column width=&#8221;2\/3&#8243; css=&#8221;.vc_custom_1513156419457{margin-top: 0px !important;padding-top: 30px !important;padding-right: 30px !important;padding-bottom: 30px !important;padding-left: 30px !important;background-color: rgba(150,150,150,0.35) !important;*background-color: rgb(150,150,150) !important;}&#8221;][vc_column_text]<\/p>\n<h4><span style=\" color: #ffffff;\">F\u00e0brica de mitjons amb producci\u00f3 pr\u00f2pia<\/span><\/h4>\n<p>[\/vc_column_text][vc_column_text el_class=&#8221;texto-pag-inicio&#8221;]Calcel\u00ednea S.L. ha invertit en maquin\u00e0ria i tecnologia d&#8217;\u00faltima generaci\u00f3 per tal de poder oferir als seus clients uns productes fabricats amb els millors mitjans t\u00e8cnics del moment.<\/p>\n<p>El nostre personal qualificat i responsable, el qual segueix cada un dels processos productius, \u00e9s una de les nostres avantatges a l&#8217;hora de fabricar els articles per als nostres clients.<\/p>\n<p>En cada fase de fabricaci\u00f3 controlem els diferents par\u00e0metres per assegurar la qualitat de l&#8217;article final.<\/p>\n<p>Les mat\u00e8ries primeres les vam comprar als millors prove\u00efdors, amb els quals mantenim una estreta col\u00b7laboraci\u00f3 per millorar i adaptar-nos a les necessitats d&#8217;un mercat canviant i molt exigent.<\/p>\n<p>Per garantir un servei i una atenci\u00f3 al client, cada consulta la seguim fase per fase, des de la mostra fins la comanda, des de la confirmaci\u00f3 fins a l&#8217;expedici\u00f3 de manera que la comunicaci\u00f3 entre Calcelinea S.L. i el client sigui \u00e0gil i fluida.<\/p>\n<p>Com f\u00e0brica de mitjons amb producci\u00f3 pr\u00f2pia, oferim tamb\u00e9 el servei de fabricaci\u00f3 de mitjons per a empreses, clubs esportius i escoles. A partir del nostre cat\u00e0leg de mitjons, de la imatge corporativa de l&#8217;empresa o colors del club o escola, podem fabricar i personalitzar tot tipus de mitjons, mitges o leotards.[\/vc_column_text][\/vc_column][vc_column width=&#8221;1\/3&#8243;][\/vc_column][\/vc_row][vc_row][vc_column css=&#8221;.vc_custom_1521727358177{margin-bottom: 30px !important;}&#8221;][vc_column_text]<\/p>\n<h2 style=\"text-align: center;\">\u00daltimes Noticies<\/h2>\n<p>[\/vc_column_text]<div class=\"recentpost-carousel wpb_custom_element\"><div class=\"item clearfix\"><a href=\"https:\/\/www.calcetinespersonalizados.es\/ca\/mitjons-nervi\/\" rel=\"bookmark\"><img decoding=\"async\" src=\"https:\/\/www.calcetinespersonalizados.es\/wp-content\/uploads\/2026\/03\/noticia-marzo-2026-350x220.jpg\" alt=\"MITJONS NERVI\"\/><\/a><h5 class=\"recentpost-heading\"><a href=\"https:\/\/www.calcetinespersonalizados.es\/ca\/mitjons-nervi\/\" rel=\"bookmark\">MITJONS NERVI<\/a><\/h5><span class=\"recentpost-date\">24 de mar\u00e7 de 2026<\/span><div class=\"recentpost-excerpt\">SOM FABRICANTS amb experi\u00e8ncia des de 1980, A LA PROV\u00cdNCIA DE BARCELONA AMB SEU A ESPANYA.<\/div><a href=\"https:\/\/www.calcetinespersonalizados.es\/ca\/mitjons-nervi\/\" rel=\"bookmark\" class=\"link-underline\">Read More<\/a><\/div><div class=\"item clearfix\"><a href=\"https:\/\/www.calcetinespersonalizados.es\/ca\/grans-reptes-recollida-residus-textils\/\" rel=\"bookmark\"><img decoding=\"async\" src=\"https:\/\/www.calcetinespersonalizados.es\/wp-content\/uploads\/2017\/03\/calcetines-de-bambu-2-350x220.jpg\" alt=\"GRANS REPTES RECOLLIDA RESIDUS T\u00c8XTILS\"\/><\/a><h5 class=\"recentpost-heading\"><a href=\"https:\/\/www.calcetinespersonalizados.es\/ca\/grans-reptes-recollida-residus-textils\/\" rel=\"bookmark\">GRANS REPTES RECOLLIDA RESIDUS T\u00c8XTILS<\/a><\/h5><span class=\"recentpost-date\">27 de febrer de 2025<\/span><a href=\"https:\/\/www.calcetinespersonalizados.es\/ca\/grans-reptes-recollida-residus-textils\/\" rel=\"bookmark\" class=\"link-underline\">Read More<\/a><\/div><div class=\"item clearfix\"><a href=\"https:\/\/www.calcetinespersonalizados.es\/ca\/fabricar-a-espanya\/\" rel=\"bookmark\"><img decoding=\"async\" src=\"https:\/\/www.calcetinespersonalizados.es\/wp-content\/uploads\/2024\/12\/placa-despanya-7214152_1280-350x220.jpg\" alt=\"Fabricar a Espanya\"\/><\/a><h5 class=\"recentpost-heading\"><a href=\"https:\/\/www.calcetinespersonalizados.es\/ca\/fabricar-a-espanya\/\" rel=\"bookmark\">Fabricar a Espanya<\/a><\/h5><span class=\"recentpost-date\">19 de desembre de 2024<\/span><div class=\"recentpost-excerpt\">S'ha demostrat que la depend\u00e8ncia de proveir-se en llunyania pot ser nefasta, ja que ens deixa sense resposta r\u00e0pida qualsevol circumst\u00e0ncia excepcional.<\/div><a href=\"https:\/\/www.calcetinespersonalizados.es\/ca\/fabricar-a-espanya\/\" rel=\"bookmark\" class=\"link-underline\">Read More<\/a><\/div><\/div>[\/vc_column][\/vc_row][vc_row full_width=&#8221;stretch_row_content&#8221; css=&#8221;.vc_custom_1630936528050{background-image: url(https:\/\/www.calcetinespersonalizados.es\/wp-content\/uploads\/2021\/09\/layers-black-torn-paper.jpg?id=5963) !important;}&#8221;][vc_column width=&#8221;7\/12&#8243; css=&#8221;.vc_custom_1631011107870{padding-left: 50px !important;}&#8221;][vc_column_text el_class=&#8221;white-text&#8221;]<\/p>\n<h3 style=\"text-align: left;\">Proc\u00e9s de Fabricaci\u00f3<br \/>\npr\u00f2pia de Mitjons<\/h3>\n<p>Com es fabriquen els mitjons i leotards a les nostres instal\u00b7lacions?<\/p>\n<p><strong>Fabricaci\u00f3 de mitjons i leotards a Calcelinea<\/strong><\/p>\n<p>La teixidura que realitzem amb m\u00e0quines com la que es pot veure al v\u00eddeo, \u00e9s la Ind\u00fastria t\u00e8xtil, que amb la combinaci\u00f3 de fibres efectuem la producci\u00f3 dels mitjons i leotards.<br \/>\nEn Calcelinea fabriquem els nostres productes a partir de la mat\u00e8ria primera fins a la finalitzaci\u00f3 del producte, el que ens permet un seguiment i control de qualitat optimitzant el producte fins al client final.[\/vc_column_text][\/vc_column][vc_column width=&#8221;1\/3&#8243;][vc_column_text]<\/p>\n<div style=\"width: 848px;\" class=\"wp-video\"><video class=\"wp-video-shortcode\" id=\"video-6220-1\" width=\"848\" height=\"480\" preload=\"metadata\" controls=\"controls\"><source type=\"video\/mp4\" src=\"https:\/\/www.calcetinespersonalizados.es\/wp-content\/uploads\/2021\/09\/Calcelinea-sl-fabricantes-de-calcetines.mp4?_=1\" \/><a href=\"https:\/\/www.calcetinespersonalizados.es\/wp-content\/uploads\/2021\/09\/Calcelinea-sl-fabricantes-de-calcetines.mp4\">https:\/\/www.calcetinespersonalizados.es\/wp-content\/uploads\/2021\/09\/Calcelinea-sl-fabricantes-de-calcetines.mp4<\/a><\/video><\/div>\n<p>[\/vc_column_text][\/vc_column][vc_column width=&#8221;1\/12&#8243;][\/vc_column][\/vc_row]<\/p>\n<\/section>","protected":false},"excerpt":{"rendered":"<p>[vc_row fullwidth_row=&#8221;yes&#8221;][vc_column][rev_slider_vc alias=&#8221;home-slider&#8221;][\/vc_column][\/vc_row][vc_row][vc_column][vc_column_text] Som Fabricants de Mitjons [\/vc_column_text][\/vc_column][\/vc_row][vc_row css=&#8221;.vc_custom_1454825008650{padding-top: 30px !important;padding-bottom: 20px !important;}&#8221;][vc_column][vc_row_inner gap=&#8221;30&#8243;][vc_column_inner width=&#8221;1\/3&#8243;][\/vc_column_inner][vc_column_inner width=&#8221;1\/3&#8243;][\/vc_column_inner][vc_column_inner width=&#8221;1\/3&#8243;][\/vc_column_inner][\/vc_row_inner][vc_row_inner gap=&#8221;30&#8243;][vc_column_inner width=&#8221;1\/3&#8243;][\/vc_column_inner][vc_column_inner width=&#8221;1\/3&#8243;][\/vc_column_inner][vc_column_inner width=&#8221;1\/3&#8243;][\/vc_column_inner][\/vc_row_inner][vc_column_text css=&#8221;.vc_custom_1513183603056{padding-top: 40px !important;}&#8221;] [\/vc_column_text][\/vc_column][\/vc_row][vc_row full_width=&#8221;stretch_row&#8221; css=&#8221;.vc_custom_1513092460556{background: #f4f4f4 url(https:\/\/www.calcetinespersonalizados.es\/wp-content\/uploads\/2017\/11\/home-bg-1-2.jpg?id=3153) !important;background-position: center !important;background-repeat: no-repeat !important;background-size: cover !important;}&#8221; fullwidth_row=&#8221;yes&#8221;][vc_column width=&#8221;1\/2&#8243; css=&#8221;.vc_custom_1513008417549{margin-top: 0px !important;padding-top: 60px !important;padding-right: 30px !important;padding-bottom: 100px !important;padding-left: 30px !important;background-color: rgba(58,82,113,0.75) !important;background-position: center !important;background-repeat: no-repeat !important;background-size:..<\/p>\n","protected":false},"author":1,"featured_media":0,"parent":0,"menu_order":0,"comment_status":"open","ping_status":"open","template":"template-full.php","meta":{"_acf_changed":false,"footnotes":""},"class_list":["post-5626","page","type-page","status-publish","hentry"],"acf":[],"yoast_head":"<!-- This site is optimized with the Yoast SEO plugin v27.3 - https:\/\/yoast.com\/product\/yoast-seo-wordpress\/ -->\n<title>Fabricants de mitjons - Fabricaci\u00f3 Pr\u00f2pia - Calcelinea S.L.<\/title>\n<meta name=\"description\" content=\"Calcelinea S.L., som fabricants de mitjons amb m\u00e9s de 30 anys d&#039;experi\u00e8ncia. Completa col\u00b7lecci\u00f3 de mitjons de nad\u00f3 fins mitjons per adult.\" \/>\n<meta name=\"robots\" content=\"index, follow, max-snippet:-1, max-image-preview:large, max-video-preview:-1\" \/>\n<link rel=\"canonical\" href=\"https:\/\/www.calcetinespersonalizados.es\/ca\/\" \/>\n<meta property=\"og:locale\" content=\"ca_ES\" \/>\n<meta property=\"og:type\" content=\"article\" \/>\n<meta property=\"og:title\" content=\"Fabricants de mitjons - Fabricaci\u00f3 Pr\u00f2pia - Calcelinea S.L.\" \/>\n<meta property=\"og:description\" content=\"Calcelinea S.L., som fabricants de mitjons amb m\u00e9s de 30 anys d&#039;experi\u00e8ncia. Completa col\u00b7lecci\u00f3 de mitjons de nad\u00f3 fins mitjons per adult.\" \/>\n<meta property=\"og:url\" content=\"https:\/\/www.calcetinespersonalizados.es\/ca\/\" \/>\n<meta property=\"og:site_name\" content=\"Calcelinea S.L. - Fabricants de Mitjons\" \/>\n<meta property=\"article:publisher\" content=\"https:\/\/www.facebook.com\/doremi.doremicalcelinea\" \/>\n<meta property=\"article:modified_time\" content=\"2023-08-22T09:12:03+00:00\" \/>\n<meta name=\"twitter:card\" content=\"summary_large_image\" \/>\n<meta name=\"twitter:label1\" content=\"Temps estimat de lectura\" \/>\n\t<meta name=\"twitter:data1\" content=\"4 minuts\" \/>\n<script type=\"application\/ld+json\" class=\"yoast-schema-graph\">{\"@context\":\"https:\\\/\\\/schema.org\",\"@graph\":[{\"@type\":\"WebPage\",\"@id\":\"https:\\\/\\\/www.calcetinespersonalizados.es\\\/ca\\\/\",\"url\":\"https:\\\/\\\/www.calcetinespersonalizados.es\\\/ca\\\/\",\"name\":\"Fabricants de mitjons - Fabricaci\u00f3 Pr\u00f2pia - Calcelinea S.L.\",\"isPartOf\":{\"@id\":\"https:\\\/\\\/www.calcetinespersonalizados.es\\\/ca\\\/#website\"},\"datePublished\":\"2018-03-22T14:13:16+00:00\",\"dateModified\":\"2023-08-22T09:12:03+00:00\",\"description\":\"Calcelinea S.L., som fabricants de mitjons amb m\u00e9s de 30 anys d'experi\u00e8ncia. Completa col\u00b7lecci\u00f3 de mitjons de nad\u00f3 fins mitjons per adult.\",\"breadcrumb\":{\"@id\":\"https:\\\/\\\/www.calcetinespersonalizados.es\\\/ca\\\/#breadcrumb\"},\"inLanguage\":\"ca\",\"potentialAction\":[{\"@type\":\"ReadAction\",\"target\":[\"https:\\\/\\\/www.calcetinespersonalizados.es\\\/ca\\\/\"]}]},{\"@type\":\"BreadcrumbList\",\"@id\":\"https:\\\/\\\/www.calcetinespersonalizados.es\\\/ca\\\/#breadcrumb\",\"itemListElement\":[{\"@type\":\"ListItem\",\"position\":1,\"name\":\"Portada\",\"item\":\"https:\\\/\\\/www.calcetinespersonalizados.es\\\/ca\\\/\"},{\"@type\":\"ListItem\",\"position\":2,\"name\":\"Inici\"}]},{\"@type\":\"WebSite\",\"@id\":\"https:\\\/\\\/www.calcetinespersonalizados.es\\\/ca\\\/#website\",\"url\":\"https:\\\/\\\/www.calcetinespersonalizados.es\\\/ca\\\/\",\"name\":\"Calcelinea S.L. - Fabricants de Mitjons\",\"description\":\"Fabricants de Mitjons\",\"publisher\":{\"@id\":\"https:\\\/\\\/www.calcetinespersonalizados.es\\\/ca\\\/#organization\"},\"alternateName\":\"Calcelinea SL\",\"potentialAction\":[{\"@type\":\"SearchAction\",\"target\":{\"@type\":\"EntryPoint\",\"urlTemplate\":\"https:\\\/\\\/www.calcetinespersonalizados.es\\\/ca\\\/?s={search_term_string}\"},\"query-input\":{\"@type\":\"PropertyValueSpecification\",\"valueRequired\":true,\"valueName\":\"search_term_string\"}}],\"inLanguage\":\"ca\"},{\"@type\":\"Organization\",\"@id\":\"https:\\\/\\\/www.calcetinespersonalizados.es\\\/ca\\\/#organization\",\"name\":\"Fabricantes de calcetines personalizados - Calcelinea S.L.\",\"url\":\"https:\\\/\\\/www.calcetinespersonalizados.es\\\/ca\\\/\",\"logo\":{\"@type\":\"ImageObject\",\"inLanguage\":\"ca\",\"@id\":\"https:\\\/\\\/www.calcetinespersonalizados.es\\\/ca\\\/#\\\/schema\\\/logo\\\/image\\\/\",\"url\":\"https:\\\/\\\/www.calcetinespersonalizados.es\\\/wp-content\\\/uploads\\\/2017\\\/12\\\/logo@x2.png\",\"contentUrl\":\"https:\\\/\\\/www.calcetinespersonalizados.es\\\/wp-content\\\/uploads\\\/2017\\\/12\\\/logo@x2.png\",\"width\":264,\"height\":72,\"caption\":\"Fabricantes de calcetines personalizados - Calcelinea S.L.\"},\"image\":{\"@id\":\"https:\\\/\\\/www.calcetinespersonalizados.es\\\/ca\\\/#\\\/schema\\\/logo\\\/image\\\/\"},\"sameAs\":[\"https:\\\/\\\/www.facebook.com\\\/doremi.doremicalcelinea\"]}]}<\/script>\n<!-- \/ Yoast SEO plugin. -->","yoast_head_json":{"title":"Fabricants de mitjons - Fabricaci\u00f3 Pr\u00f2pia - Calcelinea S.L.","description":"Calcelinea S.L., som fabricants de mitjons amb m\u00e9s de 30 anys d'experi\u00e8ncia. Completa col\u00b7lecci\u00f3 de mitjons de nad\u00f3 fins mitjons per adult.","robots":{"index":"index","follow":"follow","max-snippet":"max-snippet:-1","max-image-preview":"max-image-preview:large","max-video-preview":"max-video-preview:-1"},"canonical":"https:\/\/www.calcetinespersonalizados.es\/ca\/","og_locale":"ca_ES","og_type":"article","og_title":"Fabricants de mitjons - Fabricaci\u00f3 Pr\u00f2pia - Calcelinea S.L.","og_description":"Calcelinea S.L., som fabricants de mitjons amb m\u00e9s de 30 anys d'experi\u00e8ncia. Completa col\u00b7lecci\u00f3 de mitjons de nad\u00f3 fins mitjons per adult.","og_url":"https:\/\/www.calcetinespersonalizados.es\/ca\/","og_site_name":"Calcelinea S.L. - Fabricants de Mitjons","article_publisher":"https:\/\/www.facebook.com\/doremi.doremicalcelinea","article_modified_time":"2023-08-22T09:12:03+00:00","twitter_card":"summary_large_image","twitter_misc":{"Temps estimat de lectura":"4 minuts"},"schema":{"@context":"https:\/\/schema.org","@graph":[{"@type":"WebPage","@id":"https:\/\/www.calcetinespersonalizados.es\/ca\/","url":"https:\/\/www.calcetinespersonalizados.es\/ca\/","name":"Fabricants de mitjons - Fabricaci\u00f3 Pr\u00f2pia - Calcelinea S.L.","isPartOf":{"@id":"https:\/\/www.calcetinespersonalizados.es\/ca\/#website"},"datePublished":"2018-03-22T14:13:16+00:00","dateModified":"2023-08-22T09:12:03+00:00","description":"Calcelinea S.L., som fabricants de mitjons amb m\u00e9s de 30 anys d'experi\u00e8ncia. Completa col\u00b7lecci\u00f3 de mitjons de nad\u00f3 fins mitjons per adult.","breadcrumb":{"@id":"https:\/\/www.calcetinespersonalizados.es\/ca\/#breadcrumb"},"inLanguage":"ca","potentialAction":[{"@type":"ReadAction","target":["https:\/\/www.calcetinespersonalizados.es\/ca\/"]}]},{"@type":"BreadcrumbList","@id":"https:\/\/www.calcetinespersonalizados.es\/ca\/#breadcrumb","itemListElement":[{"@type":"ListItem","position":1,"name":"Portada","item":"https:\/\/www.calcetinespersonalizados.es\/ca\/"},{"@type":"ListItem","position":2,"name":"Inici"}]},{"@type":"WebSite","@id":"https:\/\/www.calcetinespersonalizados.es\/ca\/#website","url":"https:\/\/www.calcetinespersonalizados.es\/ca\/","name":"Calcelinea S.L. - Fabricants de Mitjons","description":"Fabricants de Mitjons","publisher":{"@id":"https:\/\/www.calcetinespersonalizados.es\/ca\/#organization"},"alternateName":"Calcelinea SL","potentialAction":[{"@type":"SearchAction","target":{"@type":"EntryPoint","urlTemplate":"https:\/\/www.calcetinespersonalizados.es\/ca\/?s={search_term_string}"},"query-input":{"@type":"PropertyValueSpecification","valueRequired":true,"valueName":"search_term_string"}}],"inLanguage":"ca"},{"@type":"Organization","@id":"https:\/\/www.calcetinespersonalizados.es\/ca\/#organization","name":"Fabricantes de calcetines personalizados - Calcelinea S.L.","url":"https:\/\/www.calcetinespersonalizados.es\/ca\/","logo":{"@type":"ImageObject","inLanguage":"ca","@id":"https:\/\/www.calcetinespersonalizados.es\/ca\/#\/schema\/logo\/image\/","url":"https:\/\/www.calcetinespersonalizados.es\/wp-content\/uploads\/2017\/12\/logo@x2.png","contentUrl":"https:\/\/www.calcetinespersonalizados.es\/wp-content\/uploads\/2017\/12\/logo@x2.png","width":264,"height":72,"caption":"Fabricantes de calcetines personalizados - Calcelinea S.L."},"image":{"@id":"https:\/\/www.calcetinespersonalizados.es\/ca\/#\/schema\/logo\/image\/"},"sameAs":["https:\/\/www.facebook.com\/doremi.doremicalcelinea"]}]}},"_links":{"self":[{"href":"https:\/\/www.calcetinespersonalizados.es\/ca\/wp-json\/wp\/v2\/pages\/5626","targetHints":{"allow":["GET"]}}],"collection":[{"href":"https:\/\/www.calcetinespersonalizados.es\/ca\/wp-json\/wp\/v2\/pages"}],"about":[{"href":"https:\/\/www.calcetinespersonalizados.es\/ca\/wp-json\/wp\/v2\/types\/page"}],"author":[{"embeddable":true,"href":"https:\/\/www.calcetinespersonalizados.es\/ca\/wp-json\/wp\/v2\/users\/1"}],"replies":[{"embeddable":true,"href":"https:\/\/www.calcetinespersonalizados.es\/ca\/wp-json\/wp\/v2\/comments?post=5626"}],"version-history":[{"count":16,"href":"https:\/\/www.calcetinespersonalizados.es\/ca\/wp-json\/wp\/v2\/pages\/5626\/revisions"}],"predecessor-version":[{"id":6131,"href":"https:\/\/www.calcetinespersonalizados.es\/ca\/wp-json\/wp\/v2\/pages\/5626\/revisions\/6131"}],"wp:attachment":[{"href":"https:\/\/www.calcetinespersonalizados.es\/ca\/wp-json\/wp\/v2\/media?parent=5626"}],"curies":[{"name":"wp","href":"https:\/\/api.w.org\/{rel}","templated":true}]}}