{"id":3553,"date":"2017-12-27T08:08:22","date_gmt":"2017-12-27T08:08:22","guid":{"rendered":"https:\/\/www.calcetinespersonalizados.es\/?page_id=3553"},"modified":"2023-08-22T10:00:23","modified_gmt":"2023-08-22T09:00:23","slug":"mitjons-personalitzats","status":"publish","type":"page","link":"https:\/\/www.calcetinespersonalizados.es\/ca\/mitjons-personalitzats\/","title":{"rendered":"Mitjons Personalitzats"},"content":{"rendered":"<section class=\"wpb-content-wrapper\"><p>[vc_row][vc_column css=&#8221;.vc_custom_1513176778929{margin-top: 20px !important;}&#8221;][vc_column_text]<\/p>\n<h4>Mitjons personalitzats per a Empreses i Marxandatge<\/h4>\n<p>A Calcelinea realitzem tot el proc\u00e9s de disseny, fabricaci\u00f3 i acabats al nostre taller i empresa.<\/p>\n<p>Si voleu personalitzar uns mitjons per la seva empresa nom\u00e9s ha de seu logotip, indicacions que \u00e9s el que desitja i l&#8217;\u00fas i finalitat dels mitjons i farem un disseny que compleixi les seves expectatives.<\/p>\n<p>Acordat el disseny dels mitjons passarem a produir la comanda amb els millors materials i acabats.<\/p>\n<p>Disposar de mitjons de marxandatge personalitzats per a la seva empresa, servei i o esdeveniment \u00e9s m\u00e9s f\u00e0cil del que sembla i no requereix de grans quantitats. Consulteu-nos!<\/p>\n<div class=\"spacer\" style=\"height: 5px;\"><\/div>[\/vc_column_text][\/vc_column][\/vc_row][vc_row full_width=&#8221;stretch_row&#8221; full_height=&#8221;yes&#8221; parallax=&#8221;content-moving&#8221; css=&#8221;.vc_custom_1513181531133{margin-bottom: 0px !important;padding-top: 25px !important;background: #ce0027 url(https:\/\/www.calcetinespersonalizados.es\/wp-content\/uploads\/2017\/12\/calcetines-deportivos.jpg?id=3425);background-position: center;background-repeat: no-repeat !important;background-size: cover !important;}&#8221; fullwidth_row=&#8221;yes&#8221;][vc_column width=&#8221;1\/2&#8243;][vc_column_text]<\/p>\n<h1><span style=\" color: #ffffff;\">Mitjons per a clubs esportius<\/span><\/h1>\n<span style=\" font-size: 24px; line-height: 30px; color: #ffffff;\">Fabriquem mitjons personalitzats per a les m\u00e9s importants marques d&#8217;esport i ara tamb\u00e9 per el teu club.<\/span>[\/vc_column_text][vc_column_text]<span style=\" font-size: 16px; line-height: 22px; color: #ffffff;\">Futbol, b\u00e0squet, tennis, running, ciclisme, trekking, etc. mitjons per a tots els esports.<\/span>[\/vc_column_text][\/vc_column][vc_column width=&#8221;1\/2&#8243; css=&#8221;.vc_custom_1454746772940{margin-bottom: 0px !important;padding-bottom: 0px !important;}&#8221;][\/vc_column][\/vc_row][vc_row gap=&#8221;30&#8243; css=&#8221;.vc_custom_1454826195096{padding-bottom: 15px !important;}&#8221;][vc_column width=&#8221;1\/2&#8243;][vc_column_text]<\/p>\n<h4>Mitjons personalitzats per a Clubs Esportius<\/h4>\n<p>La nostra experi\u00e8ncia en la fabricaci\u00f3 de mitjons esportius personalitzats per a moltes empreses de t\u00e8xtil esportiu del nostre pa\u00eds \u00e9s la millor carta de presentaci\u00f3 a l&#8217;hora de fabricar i personalitzar els mitjons que necessita per al seu club o competici\u00f3.<\/p>\n<p>Si necessita mitjons personalitzats per a la seva escola de futbol, el seu club de b\u00e0squet, club ciclista, o desitja regalar mitjons personalitzats a tots els participants d&#8217;una competici\u00f3 esportiva, nosaltres els hi fabriquem adaptant-nos a cada esport, disseny, talles i acabats.<\/p>\n<div class=\"spacer\" style=\"height: 5px;\"><\/div>[\/vc_column_text][\/vc_column][vc_column width=&#8221;1\/2&#8243;][vc_single_image image=&#8221;3432&#8243; img_size=&#8221;300&#215;300&#8243; alignment=&#8221;center&#8221; style=&#8221;vc_box_circle&#8221;][\/vc_column][\/vc_row][vc_row full_width=&#8221;stretch_row&#8221; parallax=&#8221;content-moving&#8221; css=&#8221;.vc_custom_1513181473115{margin-bottom: 0px !important;padding-top: 50px !important;padding-bottom: 50px !important;background: #ce0027 url(https:\/\/www.calcetinespersonalizados.es\/wp-content\/uploads\/2017\/12\/calcetines-escolares-2.jpg?id=3403);background-position: center;background-repeat: no-repeat !important;background-size: cover !important;}&#8221; fullwidth_row=&#8221;yes&#8221;][vc_column width=&#8221;1\/2&#8243;][vc_column_text]<\/p>\n<h1><span style=\" color: #ffffff;\">Mitjons i mitges per a uniformes escolars<\/span><\/h1>\n<span style=\" font-size: 24px; line-height: 30px; color: #ffffff;\">Fabricaci\u00f3 a mida perqu\u00e8 els alumnes de la seva escola tinguin mitjons i mitges de qualitat amb la imatge de la seva escola.<\/span>[\/vc_column_text][vc_column_text]<span style=\" font-size: 16px; line-height: 22px; color: #ffffff;\">Disponibles en tots els colors i talles.<\/span>[\/vc_column_text][\/vc_column][vc_column width=&#8221;1\/2&#8243; css=&#8221;.vc_custom_1454746772940{margin-bottom: 0px !important;padding-bottom: 0px !important;}&#8221;][\/vc_column][\/vc_row][vc_row gap=&#8221;30&#8243; css=&#8221;.vc_custom_1454826190008{padding-top: 15px !important;}&#8221;][vc_column width=&#8221;1\/2&#8243;][vc_single_image image=&#8221;3438&#8243; img_size=&#8221;300&#215;300&#8243; alignment=&#8221;center&#8221; style=&#8221;vc_box_circle&#8221;][\/vc_column][vc_column width=&#8221;1\/2&#8243;][vc_column_text]<\/p>\n<h4>Mitjons personalitzats per a Escoles<\/h4>\n<p>Coneixem el sector infantil i escolar, sabem que els joves de la casa poden amb tot, a cada dia d&#8217;escola posen a prova els materials i aquests han d&#8217;estar a l&#8217;altura.<\/p>\n<p>En Calcelinea dissenyem i fabriquem pensant en la comoditat i tamb\u00e9 en la qualitat.<\/p>\n<p>Fabriquem a mida per completar l&#8217;uniforme de la seva escola o institut.<\/p>\n<p>\u2022\u00a0Mitges escolars<br \/>\n\u2022\u00a0Leotards<br \/>\n\u2022 Mitjons<br \/>\n\u2022 Mitjons Esportius<\/p>\n<p>De 0 a 18 anys, en tots els materials, acabats i talles. Confi\u00ef en Calcel\u00ednea i demaneu-nos pressupost.<\/p>\n<div class=\"spacer\" style=\"height: 5px;\"><\/div>[\/vc_column_text][\/vc_column][\/vc_row][vc_row full_width=&#8221;stretch_row&#8221; parallax=&#8221;content-moving&#8221; css=&#8221;.vc_custom_1513182242418{margin-bottom: 0px !important;padding-top: 50px !important;padding-bottom: 50px !important;background: #ce0027 url(https:\/\/www.calcetinespersonalizados.es\/wp-content\/uploads\/2017\/12\/calcetines-personalizados.jpg?id=3456);background-position: center;background-repeat: no-repeat !important;background-size: cover !important;}&#8221; fullwidth_row=&#8221;yes&#8221;][vc_column width=&#8221;1\/2&#8243;][vc_column_text]<\/p>\n<h1><span style=\" color: #ffffff;\">Mitjons per Marxandatge<\/span><\/h1>\n<span style=\" font-size: 24px; line-height: 30px; color: #ffffff;\">Fabriquem mitjons personalitzats, des del disseny als acabats per a empreses i Merchandasing.<\/span>[\/vc_column_text][vc_column_text]<span style=\" font-size: 16px; line-height: 22px; color: #ffffff;\">Seguim les tend\u00e8ncies en mitjons!<\/span>[\/vc_column_text][\/vc_column][vc_column width=&#8221;1\/2&#8243; css=&#8221;.vc_custom_1454746772940{margin-bottom: 0px !important;padding-bottom: 0px !important;}&#8221;][\/vc_column][\/vc_row][vc_row gap=&#8221;30&#8243; css=&#8221;.vc_custom_1454826190008{padding-top: 15px !important;}&#8221;][vc_column width=&#8221;1\/2&#8243;][vc_column_text]<\/p>\n<h3>Calcetines para Empresas y Merchandasing totalmente personalizados<\/h3>\n<p>A Calcelinea realitzem tot el proc\u00e9s de disseny, fabricaci\u00f3 i acabats al nostre taller i empresa.<\/p>\n<p>Si voleu personalitzar uns mitjons per a la vostra empresa nom\u00e9s heu de tenir el vostre logotip, indicacions que \u00e9s el que voleu i l&#8217;\u00fas i finalitat dels mitjons i realitzarem un disseny que compleixi les vostres expectatives.<\/p>\n<p>Acordat el disseny dels mitjons passarem a produir la comanda amb els millors materials i acabats.<\/p>\n<p>Disposar de mitjons de marxandatge personalitzats per a la seva empresa, servei i o esdeveniment \u00e9s m\u00e9s f\u00e0cil del que sembla i no requereix grans quantitats. Consulti&#8217;ns!<\/p>\n<div class=\"spacer\" style=\"height: 5px;\"><\/div>[\/vc_column_text][\/vc_column][vc_column width=&#8221;1\/2&#8243;][vc_single_image image=&#8221;3423&#8243; img_size=&#8221;300&#215;300&#8243; alignment=&#8221;center&#8221; style=&#8221;vc_box_circle&#8221;][\/vc_column][\/vc_row][vc_row full_width=&#8221;stretch_row&#8221; css=&#8221;.vc_custom_1454825534444{background-color: #e8e8e8 !important;}&#8221; fullwidth_row=&#8221;yes&#8221;][vc_column width=&#8221;1\/3&#8243; css=&#8221;.vc_custom_1454825769835{padding-top: 60px !important;padding-right: 30px !important;padding-bottom: 60px !important;padding-left: 30px !important;}&#8221;]<div class='feature-icon wpb_custom_element' ><div class='feature-icon-top square-desc'><div class=\"feature-icon-wrapper-outer feature-square\" style=\"background-color: #060606;\"><i class=\"icon-edit-modify-streamline\"  style=\"color: #ffffff;\"><\/i><\/div><div class='feature-icon-desc'><h5>F\u00e1ciles de personalizar<\/h5>Fabriquem mitjons personalitzats, des del disseny fins als acabats.<\/div><\/div><\/div>[\/vc_column][vc_column width=&#8221;1\/3&#8243; css=&#8221;.vc_custom_1454825775177{border-top-width: 0px !important;border-right-width: 2px !important;border-bottom-width: 0px !important;border-left-width: 2px !important;padding-top: 60px !important;padding-right: 30px !important;padding-bottom: 60px !important;padding-left: 30px !important;border-left-color: #ffffff !important;border-left-style: solid !important;border-right-color: #ffffff !important;border-right-style: solid !important;border-top-color: #ffffff !important;border-top-style: solid !important;border-bottom-color: #ffffff !important;border-bottom-style: solid !important;}&#8221;]<div class='feature-icon wpb_custom_element' ><div class='feature-icon-top square-desc'><div class=\"feature-icon-wrapper-outer feature-square\" style=\"background-color: #060606;\"><i class=\"icon-paintbrush\"  style=\"color: #ffffff;\"><\/i><\/div><div class='feature-icon-desc'><h5>T\u00e8cnica de sublimaci\u00f3<\/h5>Amb aquesta t\u00e8cnica estampem qualsevol imatge, disseny i logotip al mitj\u00f3 o leotard.<\/div><\/div><\/div>[\/vc_column][vc_column width=&#8221;1\/3&#8243; css=&#8221;.vc_custom_1454825780125{padding-top: 60px !important;padding-right: 30px !important;padding-bottom: 60px !important;padding-left: 30px !important;}&#8221;]<div class='feature-icon wpb_custom_element' ><div class='feature-icon-top square-desc'><div class=\"feature-icon-wrapper-outer feature-square\" style=\"background-color: #060606;\"><i class=\"icon-ribbon\"  style=\"color: #ffffff;\"><\/i><\/div><div class='feature-icon-desc'><h5>Garant\u00eda de Calidad<\/h5>Mitjons confeccionats amb diferents mat\u00e8ries per a modalitats variades amb fibres t\u00e8cniques.<\/div><\/div><\/div>[\/vc_column][\/vc_row][vc_row full_width=&#8221;stretch_row&#8221; css=&#8221;.vc_custom_1454825475906{padding-top: 25px !important;padding-bottom: 30px !important;background-color: #f4f4f4 !important;}&#8221; fullwidth_row=&#8221;yes&#8221;][vc_column][vc_column_text]<\/p>\n<p style=\"text-align: center;\"><span style=\" font-size: 32px; line-height: 38px; color: #545454;\">\u00a1Calcelinea! La teva millor opci\u00f3<\/span>\n<p>[\/vc_column_text][\/vc_column][\/vc_row][vc_row full_width=&#8221;stretch_row&#8221; css=&#8221;.vc_custom_1454826267586{padding-top: 25px !important;padding-bottom: 30px !important;background-color: #f4f4f4 !important;}&#8221; fullwidth_row=&#8221;yes&#8221;][vc_column][vc_column_text]<\/p>\n<h2 style=\"text-align: center;\">La millor opci\u00f3 en mitjons personalitzats<\/h2>\n<p style=\"text-align: center;\"><ul class=\"list-separator\" style=\"font-size: 16px;\"><li>Mitjons personalitzats per a Clubs Esportius<\/li><li>Mitjons personalitzats per a Escoles<\/li><li>Mitjons personalitzats per a Merchandising<\/li><\/ul>\n<p style=\"text-align: center;\"><div class=\"spacer\" style=\"height: 15px;\"><\/div>\n<p style=\"text-align: center;\"><a class=\"mybtn mybtn-big mybtn-green\" target=\"_self\"  href=\"tienda\"><span class=\"btn-icon\"><i class=\"icon-basket\"><\/i><\/span>Visita Nuestra Tienda<\/a>\n<p>[\/vc_column_text][\/vc_column][\/vc_row]<\/p>\n<\/section>","protected":false},"excerpt":{"rendered":"<p>[vc_row][vc_column css=&#8221;.vc_custom_1513176778929{margin-top: 20px !important;}&#8221;][vc_column_text] Mitjons personalitzats per a Empreses i Marxandatge A Calcelinea realitzem tot el proc\u00e9s de disseny, fabricaci\u00f3 i acabats al nostre taller i empresa. Si voleu personalitzar uns mitjons per la seva empresa nom\u00e9s ha de seu logotip, indicacions que \u00e9s el que desitja i l&#8217;\u00fas i finalitat dels mitjons i farem..<\/p>\n","protected":false},"author":1,"featured_media":0,"parent":0,"menu_order":0,"comment_status":"open","ping_status":"open","template":"template-full.php","meta":{"_acf_changed":false,"footnotes":""},"class_list":["post-3553","page","type-page","status-publish","hentry"],"acf":[],"yoast_head":"<!-- This site is optimized with the Yoast SEO plugin v27.5 - https:\/\/yoast.com\/product\/yoast-seo-wordpress\/ -->\n<title>Mitjons personalitzats - Fabricaci\u00f3 pr\u00f2pia - Calcelinea S.L.<\/title>\n<meta name=\"description\" content=\"F\u00e0brica de mitjons amb producci\u00f3 pr\u00f2pia, oferim el servei de fabricaci\u00f3 de mitjons personalitzats per a empreses, clubs esportius i escoles\" \/>\n<meta name=\"robots\" content=\"index, follow, max-snippet:-1, max-image-preview:large, max-video-preview:-1\" \/>\n<link rel=\"canonical\" href=\"https:\/\/www.calcetinespersonalizados.es\/ca\/mitjons-personalitzats\/\" \/>\n<meta property=\"og:locale\" content=\"ca_ES\" \/>\n<meta property=\"og:type\" content=\"article\" \/>\n<meta property=\"og:title\" content=\"Mitjons personalitzats - Fabricaci\u00f3 pr\u00f2pia - Calcelinea S.L.\" \/>\n<meta property=\"og:description\" content=\"F\u00e0brica de mitjons amb producci\u00f3 pr\u00f2pia, oferim el servei de fabricaci\u00f3 de mitjons personalitzats per a empreses, clubs esportius i escoles\" \/>\n<meta property=\"og:url\" content=\"https:\/\/www.calcetinespersonalizados.es\/ca\/mitjons-personalitzats\/\" \/>\n<meta property=\"og:site_name\" content=\"Calcelinea S.L. - Fabricants de Mitjons\" \/>\n<meta property=\"article:publisher\" content=\"https:\/\/www.facebook.com\/doremi.doremicalcelinea\" \/>\n<meta property=\"article:modified_time\" content=\"2023-08-22T09:00:23+00:00\" \/>\n<meta name=\"twitter:card\" content=\"summary_large_image\" \/>\n<meta name=\"twitter:label1\" content=\"Temps estimat de lectura\" \/>\n\t<meta name=\"twitter:data1\" content=\"7 minuts\" \/>\n<script type=\"application\/ld+json\" class=\"yoast-schema-graph\">{\"@context\":\"https:\\\/\\\/schema.org\",\"@graph\":[{\"@type\":\"WebPage\",\"@id\":\"https:\\\/\\\/www.calcetinespersonalizados.es\\\/ca\\\/mitjons-personalitzats\\\/\",\"url\":\"https:\\\/\\\/www.calcetinespersonalizados.es\\\/ca\\\/mitjons-personalitzats\\\/\",\"name\":\"Mitjons personalitzats - Fabricaci\u00f3 pr\u00f2pia - Calcelinea S.L.\",\"isPartOf\":{\"@id\":\"https:\\\/\\\/www.calcetinespersonalizados.es\\\/ca\\\/#website\"},\"datePublished\":\"2017-12-27T08:08:22+00:00\",\"dateModified\":\"2023-08-22T09:00:23+00:00\",\"description\":\"F\u00e0brica de mitjons amb producci\u00f3 pr\u00f2pia, oferim el servei de fabricaci\u00f3 de mitjons personalitzats per a empreses, clubs esportius i escoles\",\"breadcrumb\":{\"@id\":\"https:\\\/\\\/www.calcetinespersonalizados.es\\\/ca\\\/mitjons-personalitzats\\\/#breadcrumb\"},\"inLanguage\":\"ca\",\"potentialAction\":[{\"@type\":\"ReadAction\",\"target\":[\"https:\\\/\\\/www.calcetinespersonalizados.es\\\/ca\\\/mitjons-personalitzats\\\/\"]}]},{\"@type\":\"BreadcrumbList\",\"@id\":\"https:\\\/\\\/www.calcetinespersonalizados.es\\\/ca\\\/mitjons-personalitzats\\\/#breadcrumb\",\"itemListElement\":[{\"@type\":\"ListItem\",\"position\":1,\"name\":\"Portada\",\"item\":\"https:\\\/\\\/www.calcetinespersonalizados.es\\\/ca\\\/\"},{\"@type\":\"ListItem\",\"position\":2,\"name\":\"Mitjons Personalitzats\"}]},{\"@type\":\"WebSite\",\"@id\":\"https:\\\/\\\/www.calcetinespersonalizados.es\\\/ca\\\/#website\",\"url\":\"https:\\\/\\\/www.calcetinespersonalizados.es\\\/ca\\\/\",\"name\":\"Calcelinea S.L. - Fabricants de Mitjons\",\"description\":\"Fabricants de Mitjons\",\"publisher\":{\"@id\":\"https:\\\/\\\/www.calcetinespersonalizados.es\\\/ca\\\/#organization\"},\"alternateName\":\"Calcelinea SL\",\"potentialAction\":[{\"@type\":\"SearchAction\",\"target\":{\"@type\":\"EntryPoint\",\"urlTemplate\":\"https:\\\/\\\/www.calcetinespersonalizados.es\\\/ca\\\/?s={search_term_string}\"},\"query-input\":{\"@type\":\"PropertyValueSpecification\",\"valueRequired\":true,\"valueName\":\"search_term_string\"}}],\"inLanguage\":\"ca\"},{\"@type\":\"Organization\",\"@id\":\"https:\\\/\\\/www.calcetinespersonalizados.es\\\/ca\\\/#organization\",\"name\":\"Fabricantes de calcetines personalizados - Calcelinea S.L.\",\"url\":\"https:\\\/\\\/www.calcetinespersonalizados.es\\\/ca\\\/\",\"logo\":{\"@type\":\"ImageObject\",\"inLanguage\":\"ca\",\"@id\":\"https:\\\/\\\/www.calcetinespersonalizados.es\\\/ca\\\/#\\\/schema\\\/logo\\\/image\\\/\",\"url\":\"https:\\\/\\\/www.calcetinespersonalizados.es\\\/wp-content\\\/uploads\\\/2017\\\/12\\\/logo@x2.png\",\"contentUrl\":\"https:\\\/\\\/www.calcetinespersonalizados.es\\\/wp-content\\\/uploads\\\/2017\\\/12\\\/logo@x2.png\",\"width\":264,\"height\":72,\"caption\":\"Fabricantes de calcetines personalizados - Calcelinea S.L.\"},\"image\":{\"@id\":\"https:\\\/\\\/www.calcetinespersonalizados.es\\\/ca\\\/#\\\/schema\\\/logo\\\/image\\\/\"},\"sameAs\":[\"https:\\\/\\\/www.facebook.com\\\/doremi.doremicalcelinea\"]}]}<\/script>\n<!-- \/ Yoast SEO plugin. -->","yoast_head_json":{"title":"Mitjons personalitzats - Fabricaci\u00f3 pr\u00f2pia - Calcelinea S.L.","description":"F\u00e0brica de mitjons amb producci\u00f3 pr\u00f2pia, oferim el servei de fabricaci\u00f3 de mitjons personalitzats per a empreses, clubs esportius i escoles","robots":{"index":"index","follow":"follow","max-snippet":"max-snippet:-1","max-image-preview":"max-image-preview:large","max-video-preview":"max-video-preview:-1"},"canonical":"https:\/\/www.calcetinespersonalizados.es\/ca\/mitjons-personalitzats\/","og_locale":"ca_ES","og_type":"article","og_title":"Mitjons personalitzats - Fabricaci\u00f3 pr\u00f2pia - Calcelinea S.L.","og_description":"F\u00e0brica de mitjons amb producci\u00f3 pr\u00f2pia, oferim el servei de fabricaci\u00f3 de mitjons personalitzats per a empreses, clubs esportius i escoles","og_url":"https:\/\/www.calcetinespersonalizados.es\/ca\/mitjons-personalitzats\/","og_site_name":"Calcelinea S.L. - Fabricants de Mitjons","article_publisher":"https:\/\/www.facebook.com\/doremi.doremicalcelinea","article_modified_time":"2023-08-22T09:00:23+00:00","twitter_card":"summary_large_image","twitter_misc":{"Temps estimat de lectura":"7 minuts"},"schema":{"@context":"https:\/\/schema.org","@graph":[{"@type":"WebPage","@id":"https:\/\/www.calcetinespersonalizados.es\/ca\/mitjons-personalitzats\/","url":"https:\/\/www.calcetinespersonalizados.es\/ca\/mitjons-personalitzats\/","name":"Mitjons personalitzats - Fabricaci\u00f3 pr\u00f2pia - Calcelinea S.L.","isPartOf":{"@id":"https:\/\/www.calcetinespersonalizados.es\/ca\/#website"},"datePublished":"2017-12-27T08:08:22+00:00","dateModified":"2023-08-22T09:00:23+00:00","description":"F\u00e0brica de mitjons amb producci\u00f3 pr\u00f2pia, oferim el servei de fabricaci\u00f3 de mitjons personalitzats per a empreses, clubs esportius i escoles","breadcrumb":{"@id":"https:\/\/www.calcetinespersonalizados.es\/ca\/mitjons-personalitzats\/#breadcrumb"},"inLanguage":"ca","potentialAction":[{"@type":"ReadAction","target":["https:\/\/www.calcetinespersonalizados.es\/ca\/mitjons-personalitzats\/"]}]},{"@type":"BreadcrumbList","@id":"https:\/\/www.calcetinespersonalizados.es\/ca\/mitjons-personalitzats\/#breadcrumb","itemListElement":[{"@type":"ListItem","position":1,"name":"Portada","item":"https:\/\/www.calcetinespersonalizados.es\/ca\/"},{"@type":"ListItem","position":2,"name":"Mitjons Personalitzats"}]},{"@type":"WebSite","@id":"https:\/\/www.calcetinespersonalizados.es\/ca\/#website","url":"https:\/\/www.calcetinespersonalizados.es\/ca\/","name":"Calcelinea S.L. - Fabricants de Mitjons","description":"Fabricants de Mitjons","publisher":{"@id":"https:\/\/www.calcetinespersonalizados.es\/ca\/#organization"},"alternateName":"Calcelinea SL","potentialAction":[{"@type":"SearchAction","target":{"@type":"EntryPoint","urlTemplate":"https:\/\/www.calcetinespersonalizados.es\/ca\/?s={search_term_string}"},"query-input":{"@type":"PropertyValueSpecification","valueRequired":true,"valueName":"search_term_string"}}],"inLanguage":"ca"},{"@type":"Organization","@id":"https:\/\/www.calcetinespersonalizados.es\/ca\/#organization","name":"Fabricantes de calcetines personalizados - Calcelinea S.L.","url":"https:\/\/www.calcetinespersonalizados.es\/ca\/","logo":{"@type":"ImageObject","inLanguage":"ca","@id":"https:\/\/www.calcetinespersonalizados.es\/ca\/#\/schema\/logo\/image\/","url":"https:\/\/www.calcetinespersonalizados.es\/wp-content\/uploads\/2017\/12\/logo@x2.png","contentUrl":"https:\/\/www.calcetinespersonalizados.es\/wp-content\/uploads\/2017\/12\/logo@x2.png","width":264,"height":72,"caption":"Fabricantes de calcetines personalizados - Calcelinea S.L."},"image":{"@id":"https:\/\/www.calcetinespersonalizados.es\/ca\/#\/schema\/logo\/image\/"},"sameAs":["https:\/\/www.facebook.com\/doremi.doremicalcelinea"]}]}},"_links":{"self":[{"href":"https:\/\/www.calcetinespersonalizados.es\/ca\/wp-json\/wp\/v2\/pages\/3553","targetHints":{"allow":["GET"]}}],"collection":[{"href":"https:\/\/www.calcetinespersonalizados.es\/ca\/wp-json\/wp\/v2\/pages"}],"about":[{"href":"https:\/\/www.calcetinespersonalizados.es\/ca\/wp-json\/wp\/v2\/types\/page"}],"author":[{"embeddable":true,"href":"https:\/\/www.calcetinespersonalizados.es\/ca\/wp-json\/wp\/v2\/users\/1"}],"replies":[{"embeddable":true,"href":"https:\/\/www.calcetinespersonalizados.es\/ca\/wp-json\/wp\/v2\/comments?post=3553"}],"version-history":[{"count":30,"href":"https:\/\/www.calcetinespersonalizados.es\/ca\/wp-json\/wp\/v2\/pages\/3553\/revisions"}],"predecessor-version":[{"id":6128,"href":"https:\/\/www.calcetinespersonalizados.es\/ca\/wp-json\/wp\/v2\/pages\/3553\/revisions\/6128"}],"wp:attachment":[{"href":"https:\/\/www.calcetinespersonalizados.es\/ca\/wp-json\/wp\/v2\/media?parent=3553"}],"curies":[{"name":"wp","href":"https:\/\/api.w.org\/{rel}","templated":true}]}}