{"id":3548,"date":"2017-12-26T09:15:55","date_gmt":"2017-12-26T09:15:55","guid":{"rendered":"https:\/\/www.calcetinespersonalizados.es\/?page_id=3548"},"modified":"2018-03-12T08:04:01","modified_gmt":"2018-03-12T08:04:01","slug":"mitjons-de-bambu","status":"publish","type":"page","link":"https:\/\/www.calcetinespersonalizados.es\/ca\/mitjons-de-bambu\/","title":{"rendered":"Mitjons de Bamb\u00fa"},"content":{"rendered":"<section class=\"wpb-content-wrapper\"><p>[vc_row css=&#8221;.vc_custom_1513069137223{margin-top: 20px !important;}&#8221;][vc_column][vc_column_text]<\/p>\n<h1>Mitjons de Bamb\u00fa<\/h1>\n<p>[\/vc_column_text][\/vc_column][\/vc_row][vc_row][vc_column][vc_column_text el_class=&#8221;text-justify&#8221;]Calcelinea S.L. presenta els mitjons de bamb\u00fa 100% naturals, s\u00f3n transpirables, absorbents i mantenen la teva pell fresca i inodora per a l&#8217;\u00fas diari.<\/p>\n<p>El bamb\u00fa \u00e9s una de les plantes de m\u00e9s r\u00e0pid creixement de la naturalesa, el que el converteix en un material idoni per a una producci\u00f3 ecol\u00f2gica i sostenible.<\/p>\n<p>Una hect\u00e0rea de bamb\u00fa produeix 10 vegades m\u00e9s fibra que l&#8217;hect\u00e0rea de cot\u00f3 i necessita menys aigua.<\/p>\n<p>En resum, hi ha altres opcions i ja s&#8217;estan fent comercialment viables, en cada continent i regi\u00f3 hi ha varietats de la majoria de les plantes que poden complementar el cultiu vegetal per t\u00e8xtil.<\/p>\n<p>El bamb\u00fa t\u00e9 un component molt especial natural capa\u00e7 d&#8217;eliminar qualsevol olor corporal.[\/vc_column_text][\/vc_column][\/vc_row][vc_row full_width=&#8221;stretch_row&#8221; parallax=&#8221;content-moving&#8221; el_class=&#8221;text-justify&#8221; css=&#8221;.vc_custom_1513184654734{padding-top: 50px !important;padding-bottom: 50px !important;background-image: url(https:\/\/www.calcetinespersonalizados.es\/wp-content\/uploads\/2017\/12\/calcetines-de-bambu.jpg?id=3469) !important;}&#8221;][vc_column css=&#8221;.vc_custom_1513184667374{background-color: rgba(0,0,0,0.35) !important;*background-color: rgb(0,0,0) !important;}&#8221;][vc_column_text]<\/p>\n<h1><span style=\" color: #ffffff;\">Mitjons de Bamb\u00fa<\/span><\/h1>\n<span style=\" font-size: 24px; line-height: 30px; color: #ffffff;\">Les principals propietats dels mitjons fabricats amb fibra de bamb\u00fa s\u00f3n:<\/span>\n<p>&nbsp;<\/p>\n<blockquote><p><strong><span style=\" color: #ffffff;\">Suavitat:<\/span><\/strong> <span style=\" color: #ffffff;\">la roba de bamb\u00fa \u00e9s una de les m\u00e9s suaus, gr\u00e0cies als seus fines fibres extretes de la planta, a m\u00e9s de que compta amb una brillantor natural com la seda.<\/span><\/blockquote>\n<blockquote><p><strong><span style=\" color: #ffffff;\">Hipo al\u00b7lerg\u00e8nic:<\/span><\/strong> <span style=\" color: #ffffff;\">les peces fetes de bamb\u00fa posseeixen propietats no irritants a la pell, fent-les ideals per a gent amb pell sensible.<\/span><\/blockquote>\n<blockquote><p><strong><span style=\" color: #ffffff;\">Regulador termal:<\/span><\/strong> <span style=\" color: #ffffff;\">en ser d&#8217;origen natural, les fibres de bamb\u00fa proveeixen les caracter\u00edstiques t\u00e8rmiques que fan, que s&#8217;estigui c\u00e0lid a l&#8217;hivern i fresc a l&#8217;estiu, alguna cosa similar al cot\u00f3.<\/span><\/blockquote>\n<blockquote><p><strong><span style=\" color: #ffffff;\">Absorbeix la humitat:<\/span><\/strong> <span style=\" color: #ffffff;\">Gr\u00e0cies a l&#8217;estructura en creu de les fibres de bamb\u00fa, permeten que les peces tinguin una absorci\u00f3 superior, provocant una sensaci\u00f3 de frescor. La fibra de bamb\u00fa \u00e9s 4 vegades m\u00e9s absorbent que les fibres tradicionals.<\/span><\/blockquote>\n<blockquote><p><strong><span style=\" color: #ffffff;\">Transpirable:<\/span><\/strong> <span style=\" color: #ffffff;\">la qualitat porosa de les fibres de bamb\u00fa serveix per permetre que la nostra pell respiri amb llibertat; la roba feta amb bamb\u00fa no s&#8217;enganxa al cos quan fa calor.<\/span><\/blockquote>\n<blockquote><p><strong><span style=\" color: #ffffff;\">Anti-bacteriana:<\/span><\/strong> <span style=\" color: #ffffff;\">la tela de bamb\u00fa cont\u00e9 agents anti-bacterians \u00fanics, que prevenen que apareguin bacteris en ella, el que vol dir que ajuda a cuidar la nostra pell, fins i tot despr\u00e9s de 50 cicles de rentat.<\/span><\/blockquote>\n<p>[\/vc_column_text][\/vc_column][\/vc_row][vc_row][vc_column][vc_column_text]<\/p>\n<h4>Mitjons de Bamb\u00fa<\/h4>\n<p>S\u00f3n els mitjons m\u00e9s incre\u00efbles que tindr\u00e0s mai el plaer d&#8217;utilitzar!<\/p>\n<p>Fets de la viscosa del bamb\u00fa, s\u00f3n absorbents i mantenen els peus secs, frescos i inodors.<\/p>\n<p>Els mitjons de bamb\u00fa s\u00f3n fabulosos per a l&#8217;\u00fas diari i com mitjons esportius, oferint comoditat ultra suau i s\u00f3n transpirables.<\/p>\n<p>Si practiques esports o tendeixes a tocar de peus suats, \u00a1els mitjons de bamb\u00fa s\u00f3n els mitjons per a tu!<\/p>\n<p>Els mitjons de bamb\u00fa tenen caracter\u00edstiques naturals que evaporen la suor, mantenen els teus peus secs, inodors i frescos.<\/p>\n<p>No nom\u00e9s aix\u00f2, la fibra de bamb\u00fa t\u00e9 propietats de regulaci\u00f3 &#8220;Termale&#8221; tamb\u00e9, mantenint els peus perceptiblement m\u00e9s calents a l&#8217;hivern i agradables i frescos a l&#8217;estiu.[\/vc_column_text][\/vc_column][\/vc_row][vc_row][vc_column width=&#8221;1\/2&#8243;][vc_single_image image=&#8221;3485&#8243; img_size=&#8221;300&#215;300&#8243; alignment=&#8221;center&#8221; style=&#8221;vc_box_circle&#8221;][\/vc_column][vc_column width=&#8221;1\/2&#8243;][vc_column_text]<\/p>\n<h5>Caracter\u00edstiques:<\/h5>\n<p>85% viscosa de bamb\u00fa Certificada FSC y Oeko-Tex, 15% poliamida.<\/p>\n<h5>Propietats:<\/h5>\n<ul>\n<li>Pe\u00e7a molt c\u00f2moda.<\/li>\n<li>M\u00e9s suau i brillant que la seda.<\/li>\n<li>Quatre vegades m\u00e9s absorbent que el cot\u00f3.<\/li>\n<li>Transpirable, no s&#8217;enganxa a la pell. Filtre raigs UV.<\/li>\n<li>La seva acci\u00f3 bactericida natural elimina les males olors.<\/li>\n<li>Atenua l&#8217;al\u00b7l\u00e8rgia en ser ecol\u00f2gica i no irritant.<\/li>\n<li>Resulta c\u00e0lida a l&#8217;hivern i fresca a l&#8217;estiu.<\/li>\n<li>El seu assecat \u00e9s r\u00e0pid i gaireb\u00e9 no necessiten planxa.<\/li>\n<li>Alternativa ecol\u00f2gica i saludable a les fibres sint\u00e8tiques.<\/li>\n<li>Ideal per a pells delicades i com a regal \u00fatil.<\/li>\n<li>Gran resist\u00e8ncia i llarga durada.<\/li>\n<\/ul>\n<p>[\/vc_column_text][\/vc_column][\/vc_row][vc_row][vc_column][vc_column_text]<\/p>\n<h5>Els nostres consells d&#8217;utilitzaci\u00f3:<\/h5>\n<p>Per mantenir l&#8217;efic\u00e0cia i augmentar la vida \u00fatil de la teva pe\u00e7a, \u00e9s fonamental que segueixis les instruccions de rentat indicades en l&#8217;etiqueta.<\/p>\n<ul>\n<li>Mantingues el producte allunyat del foc.<\/li>\n<li>No rentis els productes barrejats amb un altre tipus de peces.<\/li>\n<li>Et recomanem rentar amb detergent ecol\u00f2gic.<\/li>\n<\/ul>\n<p>La planta de bamb\u00fa \u00e9s el principal aliment de l&#8217;\u00f3s panda, el que justifica la seva pres\u00e8ncia simp\u00e0tica en el nostre logotip.<\/p>\n<p>El bamb\u00fa presenta algunes particularitats que el fan \u00fanic, ja que creix i es regenera amb gran facilitat sense necessitat de rebre ajuda qu\u00edmica alguna com abonaments o pesticides.<\/p>\n<p>En ser naturalment resistent a pestes i plagues, a m\u00e9s de requerir poca quantitat d&#8217;aigua per la seva formidable desenvolupament: aconsegueix la seva al\u00e7ada m\u00e0xima en nom\u00e9s 3 mesos i la seva maduresa en 3 o 4 anys.<\/p>\n<p>A m\u00e9s, una hect\u00e0rea de bamb\u00fa produeix 10 vegades m\u00e9s fibra que el cot\u00f3.<\/p>\n<p>Els brots de bamb\u00fa es trituren en origen fins a formar una pasta molt homog\u00e8nia, la qual \u00e9s posteriorment tractada per transformar-la en fibres.<\/p>\n<p>Aquestes fibres, ja dins dela UE, es filen per torsi\u00f3 per aconseguir els fils suaus i alhora resistents del que seran les peces un cop teixides.<\/p>\n<p>Opcionalment tenyides amb colorants naturals i finalment confeccionades amb fils de cot\u00f3 org\u00e0nic per mantenir a ultran\u00e7a el m\u00e9s absolut respecte ecol\u00f2gic.<\/p>\n<p>Per aix\u00f2 les mares poden protegir la pell delicada dels seus nadons amb una total confian\u00e7a i les persones amb problemes dermatol\u00f2gics poden millorar la cura de la seva epidermis, fins i tot en dermatitis extremes com la psoriasi.[\/vc_column_text][\/vc_column][\/vc_row]<\/p>\n<\/section>","protected":false},"excerpt":{"rendered":"<p>[vc_row css=&#8221;.vc_custom_1513069137223{margin-top: 20px !important;}&#8221;][vc_column][vc_column_text] Mitjons de Bamb\u00fa [\/vc_column_text][\/vc_column][\/vc_row][vc_row][vc_column][vc_column_text el_class=&#8221;text-justify&#8221;]Calcelinea S.L. presenta els mitjons de bamb\u00fa 100% naturals, s\u00f3n transpirables, absorbents i mantenen la teva pell fresca i inodora per a l&#8217;\u00fas diari. El bamb\u00fa \u00e9s una de les plantes de m\u00e9s r\u00e0pid creixement de la naturalesa, el que el converteix en un material idoni per..<\/p>\n","protected":false},"author":1,"featured_media":0,"parent":0,"menu_order":0,"comment_status":"closed","ping_status":"open","template":"","meta":{"_acf_changed":false,"footnotes":""},"class_list":["post-3548","page","type-page","status-publish","hentry"],"acf":[],"yoast_head":"<!-- This site is optimized with the Yoast SEO plugin v27.5 - https:\/\/yoast.com\/product\/yoast-seo-wordpress\/ -->\n<title>Mitjons de bamb\u00fa - Solucions Naturals - Calcelinea S.L.<\/title>\n<meta name=\"description\" content=\"Mitjons de bamb\u00fa terap\u00e8utics. El bamb\u00fa t\u00e9 un component molt especial natural capa\u00e7 d&#039;eliminar qualsevol olor corporal.\" \/>\n<meta name=\"robots\" content=\"index, follow, max-snippet:-1, max-image-preview:large, max-video-preview:-1\" \/>\n<link rel=\"canonical\" href=\"https:\/\/www.calcetinespersonalizados.es\/ca\/mitjons-de-bambu\/\" \/>\n<meta property=\"og:locale\" content=\"ca_ES\" \/>\n<meta property=\"og:type\" content=\"article\" \/>\n<meta property=\"og:title\" content=\"Mitjons de bamb\u00fa - Solucions Naturals - Calcelinea S.L.\" \/>\n<meta property=\"og:description\" content=\"Mitjons de bamb\u00fa terap\u00e8utics. El bamb\u00fa t\u00e9 un component molt especial natural capa\u00e7 d&#039;eliminar qualsevol olor corporal.\" \/>\n<meta property=\"og:url\" content=\"https:\/\/www.calcetinespersonalizados.es\/ca\/mitjons-de-bambu\/\" \/>\n<meta property=\"og:site_name\" content=\"Calcelinea S.L. - Fabricants de Mitjons\" \/>\n<meta property=\"article:publisher\" content=\"https:\/\/www.facebook.com\/doremi.doremicalcelinea\" \/>\n<meta property=\"article:modified_time\" content=\"2018-03-12T08:04:01+00:00\" \/>\n<meta name=\"twitter:card\" content=\"summary_large_image\" \/>\n<meta name=\"twitter:label1\" content=\"Temps estimat de lectura\" \/>\n\t<meta name=\"twitter:data1\" content=\"6 minuts\" \/>\n<script type=\"application\/ld+json\" class=\"yoast-schema-graph\">{\"@context\":\"https:\\\/\\\/schema.org\",\"@graph\":[{\"@type\":\"WebPage\",\"@id\":\"https:\\\/\\\/www.calcetinespersonalizados.es\\\/ca\\\/mitjons-de-bambu\\\/\",\"url\":\"https:\\\/\\\/www.calcetinespersonalizados.es\\\/ca\\\/mitjons-de-bambu\\\/\",\"name\":\"Mitjons de bamb\u00fa - Solucions Naturals - Calcelinea S.L.\",\"isPartOf\":{\"@id\":\"https:\\\/\\\/www.calcetinespersonalizados.es\\\/ca\\\/#website\"},\"datePublished\":\"2017-12-26T09:15:55+00:00\",\"dateModified\":\"2018-03-12T08:04:01+00:00\",\"description\":\"Mitjons de bamb\u00fa terap\u00e8utics. El bamb\u00fa t\u00e9 un component molt especial natural capa\u00e7 d'eliminar qualsevol olor corporal.\",\"breadcrumb\":{\"@id\":\"https:\\\/\\\/www.calcetinespersonalizados.es\\\/ca\\\/mitjons-de-bambu\\\/#breadcrumb\"},\"inLanguage\":\"ca\",\"potentialAction\":[{\"@type\":\"ReadAction\",\"target\":[\"https:\\\/\\\/www.calcetinespersonalizados.es\\\/ca\\\/mitjons-de-bambu\\\/\"]}]},{\"@type\":\"BreadcrumbList\",\"@id\":\"https:\\\/\\\/www.calcetinespersonalizados.es\\\/ca\\\/mitjons-de-bambu\\\/#breadcrumb\",\"itemListElement\":[{\"@type\":\"ListItem\",\"position\":1,\"name\":\"Portada\",\"item\":\"https:\\\/\\\/www.calcetinespersonalizados.es\\\/ca\\\/\"},{\"@type\":\"ListItem\",\"position\":2,\"name\":\"Mitjons de Bamb\u00fa\"}]},{\"@type\":\"WebSite\",\"@id\":\"https:\\\/\\\/www.calcetinespersonalizados.es\\\/ca\\\/#website\",\"url\":\"https:\\\/\\\/www.calcetinespersonalizados.es\\\/ca\\\/\",\"name\":\"Calcelinea S.L. - Fabricants de Mitjons\",\"description\":\"Fabricants de Mitjons\",\"publisher\":{\"@id\":\"https:\\\/\\\/www.calcetinespersonalizados.es\\\/ca\\\/#organization\"},\"alternateName\":\"Calcelinea SL\",\"potentialAction\":[{\"@type\":\"SearchAction\",\"target\":{\"@type\":\"EntryPoint\",\"urlTemplate\":\"https:\\\/\\\/www.calcetinespersonalizados.es\\\/ca\\\/?s={search_term_string}\"},\"query-input\":{\"@type\":\"PropertyValueSpecification\",\"valueRequired\":true,\"valueName\":\"search_term_string\"}}],\"inLanguage\":\"ca\"},{\"@type\":\"Organization\",\"@id\":\"https:\\\/\\\/www.calcetinespersonalizados.es\\\/ca\\\/#organization\",\"name\":\"Fabricantes de calcetines personalizados - Calcelinea S.L.\",\"url\":\"https:\\\/\\\/www.calcetinespersonalizados.es\\\/ca\\\/\",\"logo\":{\"@type\":\"ImageObject\",\"inLanguage\":\"ca\",\"@id\":\"https:\\\/\\\/www.calcetinespersonalizados.es\\\/ca\\\/#\\\/schema\\\/logo\\\/image\\\/\",\"url\":\"https:\\\/\\\/www.calcetinespersonalizados.es\\\/wp-content\\\/uploads\\\/2017\\\/12\\\/logo@x2.png\",\"contentUrl\":\"https:\\\/\\\/www.calcetinespersonalizados.es\\\/wp-content\\\/uploads\\\/2017\\\/12\\\/logo@x2.png\",\"width\":264,\"height\":72,\"caption\":\"Fabricantes de calcetines personalizados - Calcelinea S.L.\"},\"image\":{\"@id\":\"https:\\\/\\\/www.calcetinespersonalizados.es\\\/ca\\\/#\\\/schema\\\/logo\\\/image\\\/\"},\"sameAs\":[\"https:\\\/\\\/www.facebook.com\\\/doremi.doremicalcelinea\"]}]}<\/script>\n<!-- \/ Yoast SEO plugin. -->","yoast_head_json":{"title":"Mitjons de bamb\u00fa - Solucions Naturals - Calcelinea S.L.","description":"Mitjons de bamb\u00fa terap\u00e8utics. El bamb\u00fa t\u00e9 un component molt especial natural capa\u00e7 d'eliminar qualsevol olor corporal.","robots":{"index":"index","follow":"follow","max-snippet":"max-snippet:-1","max-image-preview":"max-image-preview:large","max-video-preview":"max-video-preview:-1"},"canonical":"https:\/\/www.calcetinespersonalizados.es\/ca\/mitjons-de-bambu\/","og_locale":"ca_ES","og_type":"article","og_title":"Mitjons de bamb\u00fa - Solucions Naturals - Calcelinea S.L.","og_description":"Mitjons de bamb\u00fa terap\u00e8utics. El bamb\u00fa t\u00e9 un component molt especial natural capa\u00e7 d'eliminar qualsevol olor corporal.","og_url":"https:\/\/www.calcetinespersonalizados.es\/ca\/mitjons-de-bambu\/","og_site_name":"Calcelinea S.L. - Fabricants de Mitjons","article_publisher":"https:\/\/www.facebook.com\/doremi.doremicalcelinea","article_modified_time":"2018-03-12T08:04:01+00:00","twitter_card":"summary_large_image","twitter_misc":{"Temps estimat de lectura":"6 minuts"},"schema":{"@context":"https:\/\/schema.org","@graph":[{"@type":"WebPage","@id":"https:\/\/www.calcetinespersonalizados.es\/ca\/mitjons-de-bambu\/","url":"https:\/\/www.calcetinespersonalizados.es\/ca\/mitjons-de-bambu\/","name":"Mitjons de bamb\u00fa - Solucions Naturals - Calcelinea S.L.","isPartOf":{"@id":"https:\/\/www.calcetinespersonalizados.es\/ca\/#website"},"datePublished":"2017-12-26T09:15:55+00:00","dateModified":"2018-03-12T08:04:01+00:00","description":"Mitjons de bamb\u00fa terap\u00e8utics. El bamb\u00fa t\u00e9 un component molt especial natural capa\u00e7 d'eliminar qualsevol olor corporal.","breadcrumb":{"@id":"https:\/\/www.calcetinespersonalizados.es\/ca\/mitjons-de-bambu\/#breadcrumb"},"inLanguage":"ca","potentialAction":[{"@type":"ReadAction","target":["https:\/\/www.calcetinespersonalizados.es\/ca\/mitjons-de-bambu\/"]}]},{"@type":"BreadcrumbList","@id":"https:\/\/www.calcetinespersonalizados.es\/ca\/mitjons-de-bambu\/#breadcrumb","itemListElement":[{"@type":"ListItem","position":1,"name":"Portada","item":"https:\/\/www.calcetinespersonalizados.es\/ca\/"},{"@type":"ListItem","position":2,"name":"Mitjons de Bamb\u00fa"}]},{"@type":"WebSite","@id":"https:\/\/www.calcetinespersonalizados.es\/ca\/#website","url":"https:\/\/www.calcetinespersonalizados.es\/ca\/","name":"Calcelinea S.L. - Fabricants de Mitjons","description":"Fabricants de Mitjons","publisher":{"@id":"https:\/\/www.calcetinespersonalizados.es\/ca\/#organization"},"alternateName":"Calcelinea SL","potentialAction":[{"@type":"SearchAction","target":{"@type":"EntryPoint","urlTemplate":"https:\/\/www.calcetinespersonalizados.es\/ca\/?s={search_term_string}"},"query-input":{"@type":"PropertyValueSpecification","valueRequired":true,"valueName":"search_term_string"}}],"inLanguage":"ca"},{"@type":"Organization","@id":"https:\/\/www.calcetinespersonalizados.es\/ca\/#organization","name":"Fabricantes de calcetines personalizados - Calcelinea S.L.","url":"https:\/\/www.calcetinespersonalizados.es\/ca\/","logo":{"@type":"ImageObject","inLanguage":"ca","@id":"https:\/\/www.calcetinespersonalizados.es\/ca\/#\/schema\/logo\/image\/","url":"https:\/\/www.calcetinespersonalizados.es\/wp-content\/uploads\/2017\/12\/logo@x2.png","contentUrl":"https:\/\/www.calcetinespersonalizados.es\/wp-content\/uploads\/2017\/12\/logo@x2.png","width":264,"height":72,"caption":"Fabricantes de calcetines personalizados - Calcelinea S.L."},"image":{"@id":"https:\/\/www.calcetinespersonalizados.es\/ca\/#\/schema\/logo\/image\/"},"sameAs":["https:\/\/www.facebook.com\/doremi.doremicalcelinea"]}]}},"_links":{"self":[{"href":"https:\/\/www.calcetinespersonalizados.es\/ca\/wp-json\/wp\/v2\/pages\/3548","targetHints":{"allow":["GET"]}}],"collection":[{"href":"https:\/\/www.calcetinespersonalizados.es\/ca\/wp-json\/wp\/v2\/pages"}],"about":[{"href":"https:\/\/www.calcetinespersonalizados.es\/ca\/wp-json\/wp\/v2\/types\/page"}],"author":[{"embeddable":true,"href":"https:\/\/www.calcetinespersonalizados.es\/ca\/wp-json\/wp\/v2\/users\/1"}],"replies":[{"embeddable":true,"href":"https:\/\/www.calcetinespersonalizados.es\/ca\/wp-json\/wp\/v2\/comments?post=3548"}],"version-history":[{"count":11,"href":"https:\/\/www.calcetinespersonalizados.es\/ca\/wp-json\/wp\/v2\/pages\/3548\/revisions"}],"predecessor-version":[{"id":5564,"href":"https:\/\/www.calcetinespersonalizados.es\/ca\/wp-json\/wp\/v2\/pages\/3548\/revisions\/5564"}],"wp:attachment":[{"href":"https:\/\/www.calcetinespersonalizados.es\/ca\/wp-json\/wp\/v2\/media?parent=3548"}],"curies":[{"name":"wp","href":"https:\/\/api.w.org\/{rel}","templated":true}]}}